{"id":2786,"date":"2022-03-18T01:44:50","date_gmt":"2022-03-18T01:44:50","guid":{"rendered":"https:\/\/www.mapleleaf.ca\/fr\/?page_id=2786"},"modified":"2022-03-18T02:06:35","modified_gmt":"2022-03-18T02:06:35","slug":"ou-acheter-nos-produits-biologiques","status":"publish","type":"page","link":"https:\/\/www.mapleleaf.ca\/fr\/ou-acheter-nos-produits-biologiques\/","title":{"rendered":"O\u00f9 acheter nos produits biologiques"},"content":{"rendered":"\n<h1 class=\"has-prime-blue-color has-text-color wp-block-heading\">O\u00f9 acheter nos produits<\/h1>\n\n\n\n<h2 class=\"wp-block-heading\" id=\"organicwheretobuy\"><strong>Poulet biologique Prime de Maple Leaf\u00ae<\/strong><\/h2>\n\n\n\n<p>Nous sommes fiers d&rsquo;offrir les produits Prime de Maple Leaf<sup>\u00ae<\/sup> \u00e0 l&rsquo;\u00e9chelle nationale partout au Canada. Les produits offerts peuvent varier d&rsquo;un endroit \u00e0 l&rsquo;autre. Veuillez v\u00e9rifier aupr\u00e8s de votre d\u00e9taillant local.<\/p>\n\n\n\n<div class=\"wp-block-columns is-layout-flex wp-container-core-columns-is-layout-2 wp-block-columns-is-layout-flex\">\n<div class=\"wp-block-column is-vertically-aligned-top is-layout-flow wp-block-column-is-layout-flow\" style=\"flex-basis:33.33%\">\n<h2 class=\"has-text-align-center wp-block-heading\">Ontario<\/h2>\n<\/div>\n\n\n\n<div class=\"wp-block-column is-layout-flow wp-block-column-is-layout-flow\" style=\"flex-basis:66.66%\">\n<div class=\"wp-block-group is-layout-flow wp-block-group-is-layout-flow\">\n<div class=\"wp-block-columns is-layout-flex wp-container-core-columns-is-layout-1 wp-block-columns-is-layout-flex\">\n<div class=\"wp-block-column is-vertically-aligned-center is-layout-flow wp-block-column-is-layout-flow\">\n<div class=\"wp-block-image\"><figure class=\"aligncenter size-full\"><img decoding=\"async\" width=\"500\" height=\"395\" src=\"https:\/\/www.mapleleaf.ca\/fr\/wp-content\/uploads\/sites\/5\/2022\/03\/Walmart.png\" alt=\"logo Walmart\" class=\"wp-image-2800\" srcset=\"https:\/\/b3412141.smushcdn.com\/3412141\/wp-content\/uploads\/sites\/5\/2022\/03\/Walmart.png?lossy=1&amp;strip=1&amp;webp=1 500w, https:\/\/b3412141.smushcdn.com\/3412141\/wp-content\/uploads\/sites\/5\/2022\/03\/Walmart-300x237.png?lossy=1&amp;strip=1&amp;webp=1 300w\" sizes=\"(max-width: 500px) 100vw, 500px\" \/><\/figure><\/div>\n<\/div>\n\n\n\n<div class=\"wp-block-column is-layout-flow wp-block-column-is-layout-flow\">\n<div class=\"wp-block-image\"><figure class=\"aligncenter size-full\"><img decoding=\"async\" width=\"500\" height=\"395\" src=\"https:\/\/www.mapleleaf.ca\/fr\/wp-content\/uploads\/sites\/5\/2022\/03\/Metro.png\" alt=\"logo Metro\" class=\"wp-image-2795\" srcset=\"https:\/\/b3412141.smushcdn.com\/3412141\/wp-content\/uploads\/sites\/5\/2022\/03\/Metro.png?lossy=1&amp;strip=1&amp;webp=1 500w, https:\/\/b3412141.smushcdn.com\/3412141\/wp-content\/uploads\/sites\/5\/2022\/03\/Metro-300x237.png?lossy=1&amp;strip=1&amp;webp=1 300w\" sizes=\"(max-width: 500px) 100vw, 500px\" \/><\/figure><\/div>\n<\/div>\n\n\n\n<div class=\"wp-block-column is-layout-flow wp-block-column-is-layout-flow\">\n<div class=\"wp-block-image\"><figure class=\"aligncenter size-full\"><img decoding=\"async\" width=\"500\" height=\"395\" src=\"https:\/\/www.mapleleaf.ca\/fr\/wp-content\/uploads\/sites\/5\/2022\/03\/Sobeys.png\" alt=\"logo Sobeys\" class=\"wp-image-2797\" srcset=\"https:\/\/b3412141.smushcdn.com\/3412141\/wp-content\/uploads\/sites\/5\/2022\/03\/Sobeys.png?lossy=1&amp;strip=1&amp;webp=1 500w, https:\/\/b3412141.smushcdn.com\/3412141\/wp-content\/uploads\/sites\/5\/2022\/03\/Sobeys-300x237.png?lossy=1&amp;strip=1&amp;webp=1 300w\" sizes=\"(max-width: 500px) 100vw, 500px\" \/><\/figure><\/div>\n<\/div>\n<\/div>\n<\/div>\n<\/div>\n<\/div>\n\n\n\n<hr class=\"wp-block-separator is-style-wide\"\/>\n\n\n\n<div class=\"wp-block-columns is-layout-flex wp-container-core-columns-is-layout-5 wp-block-columns-is-layout-flex\">\n<div class=\"wp-block-column is-vertically-aligned-top is-layout-flow wp-block-column-is-layout-flow\" style=\"flex-basis:33.33%\">\n<h2 class=\"has-text-align-center wp-block-heading\">Atlantique<\/h2>\n<\/div>\n\n\n\n<div class=\"wp-block-column is-layout-flow wp-block-column-is-layout-flow\" style=\"flex-basis:66.66%\">\n<div class=\"wp-block-group is-layout-flow wp-block-group-is-layout-flow\">\n<div class=\"wp-block-columns is-layout-flex wp-container-core-columns-is-layout-4 wp-block-columns-is-layout-flex\">\n<div class=\"wp-block-column is-layout-flow wp-block-column-is-layout-flow\">\n<div class=\"wp-block-columns is-layout-flex wp-container-core-columns-is-layout-3 wp-block-columns-is-layout-flex\">\n<div class=\"wp-block-column is-layout-flow wp-block-column-is-layout-flow\">\n<div class=\"wp-block-image\"><figure class=\"aligncenter size-full\"><img decoding=\"async\" width=\"500\" height=\"395\" src=\"https:\/\/www.mapleleaf.ca\/fr\/wp-content\/uploads\/sites\/5\/2022\/03\/Walmart.png\" alt=\"logo Walmart\" class=\"wp-image-2800\" srcset=\"https:\/\/b3412141.smushcdn.com\/3412141\/wp-content\/uploads\/sites\/5\/2022\/03\/Walmart.png?lossy=1&amp;strip=1&amp;webp=1 500w, https:\/\/b3412141.smushcdn.com\/3412141\/wp-content\/uploads\/sites\/5\/2022\/03\/Walmart-300x237.png?lossy=1&amp;strip=1&amp;webp=1 300w\" sizes=\"(max-width: 500px) 100vw, 500px\" \/><\/figure><\/div>\n<\/div>\n\n\n\n<div class=\"wp-block-column is-layout-flow wp-block-column-is-layout-flow\"><\/div>\n\n\n\n<div class=\"wp-block-column is-layout-flow wp-block-column-is-layout-flow\"><\/div>\n<\/div>\n<\/div>\n<\/div>\n<\/div>\n<\/div>\n<\/div>\n\n\n\n<hr class=\"wp-block-separator is-style-wide\"\/>\n\n\n\n<div style=\"height:25px\" aria-hidden=\"true\" class=\"wp-block-spacer\"><\/div>\n\n\n\n<div class=\"wp-block-columns is-layout-flex wp-container-core-columns-is-layout-7 wp-block-columns-is-layout-flex\">\n<div class=\"wp-block-column is-vertically-aligned-top is-layout-flow wp-block-column-is-layout-flow\" style=\"flex-basis:33.33%\">\n<h2 class=\"has-text-align-center wp-block-heading\">Qu\u00e9bec<\/h2>\n\n\n\n<p><\/p>\n<\/div>\n\n\n\n<div class=\"wp-block-column is-layout-flow wp-block-column-is-layout-flow\" style=\"flex-basis:66.66%\">\n<div class=\"wp-block-group is-layout-flow wp-block-group-is-layout-flow\">\n<div class=\"wp-block-columns is-layout-flex wp-container-core-columns-is-layout-6 wp-block-columns-is-layout-flex\">\n<div class=\"wp-block-column is-vertically-aligned-center is-layout-flow wp-block-column-is-layout-flow\">\n<div class=\"wp-block-image\"><figure class=\"aligncenter size-full\"><img decoding=\"async\" width=\"500\" height=\"395\" src=\"https:\/\/www.mapleleaf.ca\/fr\/wp-content\/uploads\/sites\/5\/2022\/03\/Walmart.png\" alt=\"logo Walmart\" class=\"wp-image-2800\" srcset=\"https:\/\/b3412141.smushcdn.com\/3412141\/wp-content\/uploads\/sites\/5\/2022\/03\/Walmart.png?lossy=1&amp;strip=1&amp;webp=1 500w, https:\/\/b3412141.smushcdn.com\/3412141\/wp-content\/uploads\/sites\/5\/2022\/03\/Walmart-300x237.png?lossy=1&amp;strip=1&amp;webp=1 300w\" sizes=\"(max-width: 500px) 100vw, 500px\" \/><\/figure><\/div>\n<\/div>\n\n\n\n<div class=\"wp-block-column is-layout-flow wp-block-column-is-layout-flow\">\n<div class=\"wp-block-image\"><figure class=\"aligncenter size-full\"><img decoding=\"async\" width=\"500\" height=\"395\" src=\"https:\/\/www.mapleleaf.ca\/fr\/wp-content\/uploads\/sites\/5\/2022\/03\/IGA.png\" alt=\"logo IGA\" class=\"wp-image-2792\" srcset=\"https:\/\/b3412141.smushcdn.com\/3412141\/wp-content\/uploads\/sites\/5\/2022\/03\/IGA.png?lossy=1&amp;strip=1&amp;webp=1 500w, https:\/\/b3412141.smushcdn.com\/3412141\/wp-content\/uploads\/sites\/5\/2022\/03\/IGA-300x237.png?lossy=1&amp;strip=1&amp;webp=1 300w\" sizes=\"(max-width: 500px) 100vw, 500px\" \/><\/figure><\/div>\n<\/div>\n\n\n\n<div class=\"wp-block-column is-layout-flow wp-block-column-is-layout-flow\"><\/div>\n<\/div>\n<\/div>\n<\/div>\n<\/div>\n\n\n\n<hr class=\"wp-block-separator is-style-wide\"\/>\n\n\n\n<div style=\"height:25px\" aria-hidden=\"true\" class=\"wp-block-spacer\"><\/div>\n\n\n\n<div class=\"wp-block-columns is-layout-flex wp-container-core-columns-is-layout-9 wp-block-columns-is-layout-flex\">\n<div class=\"wp-block-column is-vertically-aligned-top is-layout-flow wp-block-column-is-layout-flow\" style=\"flex-basis:33.33%\">\n<h2 class=\"has-text-align-center wp-block-heading\">Ouest<\/h2>\n\n\n\n<p><\/p>\n<\/div>\n\n\n\n<div class=\"wp-block-column is-layout-flow wp-block-column-is-layout-flow\" style=\"flex-basis:66.66%\">\n<div class=\"wp-block-group is-layout-flow wp-block-group-is-layout-flow\">\n<div class=\"wp-block-columns is-layout-flex wp-container-core-columns-is-layout-8 wp-block-columns-is-layout-flex\">\n<div class=\"wp-block-column is-vertically-aligned-center is-layout-flow wp-block-column-is-layout-flow\">\n<div class=\"wp-block-image\"><figure class=\"aligncenter size-full\"><img decoding=\"async\" width=\"500\" height=\"395\" src=\"https:\/\/www.mapleleaf.ca\/fr\/wp-content\/uploads\/sites\/5\/2022\/03\/Walmart.png\" alt=\"logo Walmart\" class=\"wp-image-2800\" srcset=\"https:\/\/b3412141.smushcdn.com\/3412141\/wp-content\/uploads\/sites\/5\/2022\/03\/Walmart.png?lossy=1&amp;strip=1&amp;webp=1 500w, https:\/\/b3412141.smushcdn.com\/3412141\/wp-content\/uploads\/sites\/5\/2022\/03\/Walmart-300x237.png?lossy=1&amp;strip=1&amp;webp=1 300w\" sizes=\"(max-width: 500px) 100vw, 500px\" \/><\/figure><\/div>\n<\/div>\n\n\n\n<div class=\"wp-block-column is-layout-flow wp-block-column-is-layout-flow\"><\/div>\n\n\n\n<div class=\"wp-block-column is-layout-flow wp-block-column-is-layout-flow\"><\/div>\n<\/div>\n<\/div>\n<\/div>\n<\/div>\n\n\n\n<div style=\"height:100px\" aria-hidden=\"true\" class=\"wp-block-spacer\"><\/div>\n","protected":false},"excerpt":{"rendered":"<p>O\u00f9 acheter nos produits Poulet biologique Prime de Maple Leaf\u00ae Nous sommes fiers d&rsquo;offrir les produits Prime de Maple Leaf\u00ae \u00e0 l&rsquo;\u00e9chelle nationale partout au Canada. Les produits offerts peuvent varier d&rsquo;un endroit \u00e0 l&rsquo;autre. Veuillez v\u00e9rifier aupr\u00e8s de votre d\u00e9taillant local. Ontario Atlantique Qu\u00e9bec Ouest<\/p>\n","protected":false},"author":10,"featured_media":0,"parent":0,"menu_order":0,"comment_status":"closed","ping_status":"closed","template":"","meta":{"footnotes":""},"class_list":["post-2786","page","type-page","status-publish","hentry"],"acf":[],"yoast_head":"<!-- This site is optimized with the Yoast SEO plugin v21.7 - https:\/\/yoast.com\/wordpress\/plugins\/seo\/ -->\n<title>O\u00f9 acheter nos produits biologiques - Maple Leaf<\/title>\n<meta name=\"robots\" content=\"index, follow, max-snippet:-1, max-image-preview:large, max-video-preview:-1\" \/>\n<link rel=\"canonical\" href=\"https:\/\/www.mapleleaf.ca\/fr\/ou-acheter-nos-produits-biologiques\/\" \/>\n<meta property=\"og:locale\" content=\"fr_FR\" \/>\n<meta property=\"og:type\" content=\"article\" \/>\n<meta property=\"og:title\" content=\"O\u00f9 acheter nos produits biologiques - Maple Leaf\" \/>\n<meta property=\"og:description\" content=\"O\u00f9 acheter nos produits Poulet biologique Prime de Maple Leaf\u00ae Nous sommes fiers d&rsquo;offrir les produits Prime de Maple Leaf\u00ae \u00e0 l&rsquo;\u00e9chelle nationale partout au Canada. Les produits offerts peuvent varier d&rsquo;un endroit \u00e0 l&rsquo;autre. Veuillez v\u00e9rifier aupr\u00e8s de votre d\u00e9taillant local. Ontario Atlantique Qu\u00e9bec Ouest\" \/>\n<meta property=\"og:url\" content=\"https:\/\/www.mapleleaf.ca\/fr\/ou-acheter-nos-produits-biologiques\/\" \/>\n<meta property=\"og:site_name\" content=\"Maple Leaf\" \/>\n<meta property=\"article:modified_time\" content=\"2022-03-18T02:06:35+00:00\" \/>\n<meta property=\"og:image\" content=\"https:\/\/www.mapleleaf.ca\/fr\/wp-content\/uploads\/sites\/5\/2022\/03\/Walmart.png\" \/>\n<meta name=\"twitter:card\" content=\"summary_large_image\" \/>\n<meta name=\"twitter:label1\" content=\"Dur\u00e9e de lecture estim\u00e9e\" \/>\n\t<meta name=\"twitter:data1\" content=\"2 minutes\" \/>\n<script type=\"application\/ld+json\" class=\"yoast-schema-graph\">{\"@context\":\"https:\/\/schema.org\",\"@graph\":[{\"@type\":\"WebPage\",\"@id\":\"https:\/\/www.mapleleaf.ca\/fr\/ou-acheter-nos-produits-biologiques\/\",\"url\":\"https:\/\/www.mapleleaf.ca\/fr\/ou-acheter-nos-produits-biologiques\/\",\"name\":\"O\u00f9 acheter nos produits biologiques - Maple Leaf\",\"isPartOf\":{\"@id\":\"https:\/\/www.mapleleaf.ca\/fr\/#website\"},\"datePublished\":\"2022-03-18T01:44:50+00:00\",\"dateModified\":\"2022-03-18T02:06:35+00:00\",\"breadcrumb\":{\"@id\":\"https:\/\/www.mapleleaf.ca\/fr\/ou-acheter-nos-produits-biologiques\/#breadcrumb\"},\"inLanguage\":\"fr-FR\",\"potentialAction\":[{\"@type\":\"ReadAction\",\"target\":[\"https:\/\/www.mapleleaf.ca\/fr\/ou-acheter-nos-produits-biologiques\/\"]}]},{\"@type\":\"BreadcrumbList\",\"@id\":\"https:\/\/www.mapleleaf.ca\/fr\/ou-acheter-nos-produits-biologiques\/#breadcrumb\",\"itemListElement\":[{\"@type\":\"ListItem\",\"position\":1,\"name\":\"Home\",\"item\":\"https:\/\/www.mapleleaf.ca\/fr\/\"},{\"@type\":\"ListItem\",\"position\":2,\"name\":\"O\u00f9 acheter nos produits biologiques\"}]},{\"@type\":\"WebSite\",\"@id\":\"https:\/\/www.mapleleaf.ca\/fr\/#website\",\"url\":\"https:\/\/www.mapleleaf.ca\/fr\/\",\"name\":\"Maple Leaf\",\"description\":\"Vraiment vrai.\",\"publisher\":{\"@id\":\"https:\/\/www.mapleleaf.ca\/fr\/#organization\"},\"potentialAction\":[{\"@type\":\"SearchAction\",\"target\":{\"@type\":\"EntryPoint\",\"urlTemplate\":\"https:\/\/www.mapleleaf.ca\/fr\/?s={search_term_string}\"},\"query-input\":\"required name=search_term_string\"}],\"inLanguage\":\"fr-FR\"},{\"@type\":\"Organization\",\"@id\":\"https:\/\/www.mapleleaf.ca\/fr\/#organization\",\"name\":\"Maple Leaf\",\"url\":\"https:\/\/www.mapleleaf.ca\/fr\/\",\"logo\":{\"@type\":\"ImageObject\",\"inLanguage\":\"fr-FR\",\"@id\":\"https:\/\/www.mapleleaf.ca\/fr\/#\/schema\/logo\/image\/\",\"url\":\"https:\/\/www.mapleleaf.ca\/fr\/wp-content\/uploads\/sites\/5\/2023\/02\/MapleLeaf_Natural_BI.png\",\"contentUrl\":\"https:\/\/www.mapleleaf.ca\/fr\/wp-content\/uploads\/sites\/5\/2023\/02\/MapleLeaf_Natural_BI.png\",\"width\":500,\"height\":561,\"caption\":\"Maple Leaf\"},\"image\":{\"@id\":\"https:\/\/www.mapleleaf.ca\/fr\/#\/schema\/logo\/image\/\"}}]}<\/script>\n<!-- \/ Yoast SEO plugin. -->","yoast_head_json":{"title":"O\u00f9 acheter nos produits biologiques - Maple Leaf","robots":{"index":"index","follow":"follow","max-snippet":"max-snippet:-1","max-image-preview":"max-image-preview:large","max-video-preview":"max-video-preview:-1"},"canonical":"https:\/\/www.mapleleaf.ca\/fr\/ou-acheter-nos-produits-biologiques\/","og_locale":"fr_FR","og_type":"article","og_title":"O\u00f9 acheter nos produits biologiques - Maple Leaf","og_description":"O\u00f9 acheter nos produits Poulet biologique Prime de Maple Leaf\u00ae Nous sommes fiers d&rsquo;offrir les produits Prime de Maple Leaf\u00ae \u00e0 l&rsquo;\u00e9chelle nationale partout au Canada. Les produits offerts peuvent varier d&rsquo;un endroit \u00e0 l&rsquo;autre. Veuillez v\u00e9rifier aupr\u00e8s de votre d\u00e9taillant local. Ontario Atlantique Qu\u00e9bec Ouest","og_url":"https:\/\/www.mapleleaf.ca\/fr\/ou-acheter-nos-produits-biologiques\/","og_site_name":"Maple Leaf","article_modified_time":"2022-03-18T02:06:35+00:00","og_image":[{"url":"https:\/\/www.mapleleaf.ca\/fr\/wp-content\/uploads\/sites\/5\/2022\/03\/Walmart.png"}],"twitter_card":"summary_large_image","twitter_misc":{"Dur\u00e9e de lecture estim\u00e9e":"2 minutes"},"schema":{"@context":"https:\/\/schema.org","@graph":[{"@type":"WebPage","@id":"https:\/\/www.mapleleaf.ca\/fr\/ou-acheter-nos-produits-biologiques\/","url":"https:\/\/www.mapleleaf.ca\/fr\/ou-acheter-nos-produits-biologiques\/","name":"O\u00f9 acheter nos produits biologiques - Maple Leaf","isPartOf":{"@id":"https:\/\/www.mapleleaf.ca\/fr\/#website"},"datePublished":"2022-03-18T01:44:50+00:00","dateModified":"2022-03-18T02:06:35+00:00","breadcrumb":{"@id":"https:\/\/www.mapleleaf.ca\/fr\/ou-acheter-nos-produits-biologiques\/#breadcrumb"},"inLanguage":"fr-FR","potentialAction":[{"@type":"ReadAction","target":["https:\/\/www.mapleleaf.ca\/fr\/ou-acheter-nos-produits-biologiques\/"]}]},{"@type":"BreadcrumbList","@id":"https:\/\/www.mapleleaf.ca\/fr\/ou-acheter-nos-produits-biologiques\/#breadcrumb","itemListElement":[{"@type":"ListItem","position":1,"name":"Home","item":"https:\/\/www.mapleleaf.ca\/fr\/"},{"@type":"ListItem","position":2,"name":"O\u00f9 acheter nos produits biologiques"}]},{"@type":"WebSite","@id":"https:\/\/www.mapleleaf.ca\/fr\/#website","url":"https:\/\/www.mapleleaf.ca\/fr\/","name":"Maple Leaf","description":"Vraiment vrai.","publisher":{"@id":"https:\/\/www.mapleleaf.ca\/fr\/#organization"},"potentialAction":[{"@type":"SearchAction","target":{"@type":"EntryPoint","urlTemplate":"https:\/\/www.mapleleaf.ca\/fr\/?s={search_term_string}"},"query-input":"required name=search_term_string"}],"inLanguage":"fr-FR"},{"@type":"Organization","@id":"https:\/\/www.mapleleaf.ca\/fr\/#organization","name":"Maple Leaf","url":"https:\/\/www.mapleleaf.ca\/fr\/","logo":{"@type":"ImageObject","inLanguage":"fr-FR","@id":"https:\/\/www.mapleleaf.ca\/fr\/#\/schema\/logo\/image\/","url":"https:\/\/www.mapleleaf.ca\/fr\/wp-content\/uploads\/sites\/5\/2023\/02\/MapleLeaf_Natural_BI.png","contentUrl":"https:\/\/www.mapleleaf.ca\/fr\/wp-content\/uploads\/sites\/5\/2023\/02\/MapleLeaf_Natural_BI.png","width":500,"height":561,"caption":"Maple Leaf"},"image":{"@id":"https:\/\/www.mapleleaf.ca\/fr\/#\/schema\/logo\/image\/"}}]}},"jetpack_sharing_enabled":true,"_links":{"self":[{"href":"https:\/\/www.mapleleaf.ca\/fr\/wp-json\/wp\/v2\/pages\/2786"}],"collection":[{"href":"https:\/\/www.mapleleaf.ca\/fr\/wp-json\/wp\/v2\/pages"}],"about":[{"href":"https:\/\/www.mapleleaf.ca\/fr\/wp-json\/wp\/v2\/types\/page"}],"author":[{"embeddable":true,"href":"https:\/\/www.mapleleaf.ca\/fr\/wp-json\/wp\/v2\/users\/10"}],"replies":[{"embeddable":true,"href":"https:\/\/www.mapleleaf.ca\/fr\/wp-json\/wp\/v2\/comments?post=2786"}],"version-history":[{"count":1,"href":"https:\/\/www.mapleleaf.ca\/fr\/wp-json\/wp\/v2\/pages\/2786\/revisions"}],"predecessor-version":[{"id":2801,"href":"https:\/\/www.mapleleaf.ca\/fr\/wp-json\/wp\/v2\/pages\/2786\/revisions\/2801"}],"wp:attachment":[{"href":"https:\/\/www.mapleleaf.ca\/fr\/wp-json\/wp\/v2\/media?parent=2786"}],"curies":[{"name":"wp","href":"https:\/\/api.w.org\/{rel}","templated":true}]}}