{"id":361,"date":"2021-08-25T13:18:30","date_gmt":"2021-08-25T13:18:30","guid":{"rendered":"https:\/\/staging.trewknowledge.com\/greenfieldmeat\/mapleleaf\/?page_id=361"},"modified":"2023-10-02T18:35:06","modified_gmt":"2023-10-02T18:35:06","slug":"prime","status":"publish","type":"page","link":"https:\/\/www.mapleleaf.ca\/fr\/prime\/","title":{"rendered":"Maple Leaf Prime"},"content":{"rendered":"\n<div class=\"wp-block-mlf-header-block-one\"><div class=\"header-block header-block-one\" style=\"color:#0d4da7\"><div class=\"header-block-one__title\"><h1>Poulet de qualit\u00e9 fiable, toujours.<\/h1><\/div><div class=\"header-block-one__image alignfull\"><img decoding=\"async\" class=\"header-block__image-desktop no-mobile-image\" src=\"https:\/\/staging.trewknowledge.com\/greenfieldmeat\/mapleleaf\/wp-content\/uploads\/sites\/4\/2021\/10\/MLFP-landing-header-scaled.jpg\" width=\"1340px\" height=\"650px\"\/><\/div><\/div><\/div>\n\n\n\n<div style=\"height:100px\" aria-hidden=\"true\" class=\"wp-block-spacer\"><\/div>\n\n\n\n<div class=\"wp-block-mlf-promo-boxes\"><div class=\"promo-box full-page image-left \" style=\"background-color:#e0b67e;color:#737a4d\"><div class=\"promo-box__image image-contain\"><img decoding=\"async\" class=\"promo-box__image-desktop no-mobile-image \" src=\"https:\/\/www.mapleleaf.ca\/fr\/wp-content\/uploads\/sites\/5\/2023\/04\/98206_RENDER.png\" alt=\"ORGANIC CHICKEN THIGHS\" width=\"760px\" height=\"633px\"\/><\/div><div class=\"promo-box__content content-left mobile-content-left \"><div class=\"promo-box__content-container\"><h2><strong><strong><strong>Les Canadiens veulent ce qu\u2019il y a de mieux pour leur famille et la plan\u00e8te.<\/strong>\u00a0<\/strong><\/strong><\/h2><h3><strong><strong><strong>Sentez-vous bien en le servant \u00e0 votre famille.<\/strong><\/strong><\/strong><\/h3>\n<div class=\"wp-block-button is-style-offwhite\"><a class=\"wp-block-button__link wp-element-button\" href=\"https:\/\/www.mapleleaf.ca\/fr\/standards\/\">Apprenez-en davantage sur nos normes<\/a><\/div>\n<\/div><\/div><\/div><\/div>\n\n\n\n<div style=\"height:50px\" aria-hidden=\"true\" class=\"wp-block-spacer\"><\/div>\n\n\n\n<div class=\"wp-block-mlf-promo-boxes\"><div class=\"promo-box full-page image-left \" style=\"background-color:#0d4da7;color:#edd5b2\"><div class=\"promo-box__image image-contain\"><img decoding=\"async\" class=\"promo-box__image-desktop no-mobile-image \" src=\"https:\/\/www.mapleleaf.ca\/fr\/wp-content\/uploads\/sites\/5\/2023\/04\/18741_RENDER.png\" alt=\"BONELESS SKINLESS CHICKEN BREAST RAISED WITHOUT ANTIBIOTICS\" width=\"760px\" height=\"633px\"\/><\/div><div class=\"promo-box__content content-left mobile-content-left \"><div class=\"promo-box__content-container\"><h2><strong>Le poulet\u00a0<strong>Prime de<sup> Maple Leaf\u00ae<\/sup>\u00a0est \u00e9lev\u00e9 sans antibiotiques.<\/strong><\/strong><\/h2><h3><strong><strong>Il ne contient donc rien qu\u2019il ne devrait pas contenir.<\/strong><\/strong><\/h3>\n<div class=\"wp-block-button is-style-offwhite\"><a class=\"wp-block-button__link wp-element-button\" href=\"https:\/\/www.mapleleaf.ca\/fr\/standards\/\">Apprenez-en davantage sur nos normes<\/a><\/div>\n<\/div><\/div><\/div><\/div>\n\n\n\n<div style=\"height:50px\" aria-hidden=\"true\" class=\"wp-block-spacer\"><\/div>\n\n\n\n<div class=\"wp-block-mlf-promo-boxes\"><div class=\"promo-box full-page image-left \" style=\"background-color:#c33b32;color:#edd5b2\"><div class=\"promo-box__image image-contain\"><img decoding=\"async\" class=\"promo-box__image-desktop no-mobile-image \" src=\"https:\/\/www.mapleleaf.ca\/fr\/wp-content\/uploads\/sites\/5\/2023\/04\/51476_RENDER.png\" alt=\"\" width=\"760px\" height=\"633px\"\/><\/div><div class=\"promo-box__content content-left mobile-content-left \"><div class=\"promo-box__content-container\"><h2><strong><strong>Le poulet\u00a0<strong>Prime de <strong>Maple Leaf<\/strong><sup>\u00ae<\/sup>\u00a0est \u00e9lev\u00e9 au Canada pour garantir sa fra\u00eecheur.<\/strong><\/strong><\/strong><\/h2><h3><strong><strong><strong>Un poulet de qualit\u00e9 fiable, auquel vous pouvez faire confiance pour votre famille, tous les jours.<\/strong><\/strong><\/strong><\/h3>\n<div class=\"wp-block-button is-style-offwhite\"><a class=\"wp-block-button__link wp-element-button\" href=\"https:\/\/www.mapleleaf.ca\/fr\/standards\/\">Apprenez-en davantage sur nos normes<\/a><\/div>\n<\/div><\/div><\/div><\/div>\n\n\n\n<div style=\"height:100px\" aria-hidden=\"true\" class=\"wp-block-spacer\"><\/div>\n\n\n\n<h2 class=\"wp-block-heading has-text-align-center has-prime-blue-color has-text-color\">Recettes de poulet et dinde<\/h2>\n\n\n\n<p class=\"has-text-align-center\">VIl y a plusieurs fa\u00e7ons d&rsquo;utiliser nos produits de poulet et de dinde dans vos recettes de tous les jours. Voici quelques nouvelles recettes \u00e0 essayer!<\/p>\n\n\n\n<div class=\"wp-block-mlf-item-list frontend\"><ul class=\"item-list\"><li class=\"item\"><a href=\"https:\/\/www.mapleleaf.ca\/fr\/recipes\/tortellinis-alfredo-a-la-dinde-a-la-toscane\/\" class=\"item-content\" rel=\"noreferrer noopener\"><img decoding=\"async\" src=\"https:\/\/www.mapleleaf.ca\/fr\/wp-content\/uploads\/sites\/5\/2021\/10\/11_Tuscan_Turkey_Tortellini_Alfredo.jpeg\" alt=\"Tuscan Turkey Tortellini Alfredo\" width=\"300px\" height=\"300px\"\/><h5 class=\"item-title\">Tortellinis Alfredo \u00e0 la dinde \u00e0 la toscane<\/h5><\/a><\/li><li class=\"item\"><a href=\"https:\/\/www.mapleleaf.ca\/fr\/recipes\/poulet-a-la-jamaicaine-avec-salade-de-mangue\/\" class=\"item-content\" rel=\"noreferrer noopener\"><img decoding=\"async\" src=\"https:\/\/www.mapleleaf.ca\/fr\/wp-content\/uploads\/sites\/5\/2021\/10\/600x407_Carribean_Jerk_Chicken_With_Mango_Salad.jpeg\" alt=\"Caribbean Jerk Chicken with Mango Salad\" width=\"300px\" height=\"300px\"\/><h5 class=\"item-title\">Poulet \u00e0 la jama\u00efcaine avec salade de mangue<\/h5><\/a><\/li><li class=\"item\"><a href=\"https:\/\/www.mapleleaf.ca\/fr\/recipes\/honey-butter-roasted-chicken-with-rainbow-carrots\/\" class=\"item-content\" rel=\"noreferrer noopener\"><img decoding=\"async\" src=\"https:\/\/www.mapleleaf.ca\/fr\/wp-content\/uploads\/sites\/5\/2021\/10\/MLF-HoneyButterRoastedWholeChicken-600x407-1.jpeg\" alt=\"Honey Butter Roasted Chicken with Rainbow Carrots\" width=\"300px\" height=\"300px\"\/><h5 class=\"item-title\">Poulet r\u00f4ti au beurre et au miel accompagn\u00e9 de carottes multicolores<\/h5><\/a><\/li><\/ul><\/div>\n\n\n\n<div class=\"wp-block-buttons is-horizontal is-content-justification-center is-layout-flex wp-container-core-buttons-is-layout-1 wp-block-buttons-is-layout-flex\">\n<div class=\"wp-block-button is-style-outline-brown\"><a class=\"wp-block-button__link wp-element-button\" href=\"https:\/\/www.mapleleaf.ca\/fr\/recettes\/?fwp_mlf_brand_type=prime\">Parcourir plus de recettes Prime de Maple Leaf<sup>\u00ae<\/sup><\/a><\/div>\n<\/div>\n\n\n\n<h2 class=\"wp-block-heading has-text-align-center has-prime-blue-color has-text-color\">Des produits de qualit\u00e9 \u00e0 qui l\u2019on peut faire confiance<\/h2>\n\n\n\n<p class=\"has-text-align-center\"><strong><strong>Notre objectif est de toujours offrir des aliments de la plus haute qualit\u00e9 au go\u00fbt d\u00e9licieux \u2013 tous \u00e9lev\u00e9s fi\u00e8rement sur des fermes canadiennes.<\/strong><\/strong><\/p>\n\n\n\n<p class=\"has-text-align-center\">Nous prenons le plus grand soin \u00e0 nous assurer que tous les produits Prime&nbsp;Maple Leaf<sup>\u00ae<\/sup>&nbsp;sont nos meilleurs, afin que vous puissiez \u00eatre fiers de la fa\u00e7on dont vous nourrissez votre famille.<\/p>\n\n\n\n<div class=\"wp-block-mlf-item-list frontend\"><ul class=\"item-list\"><li class=\"item\"><a href=\"https:\/\/www.mapleleaf.ca\/fr\/products\/poitrine-de-poulet-desossee-biologique-prime-de-maple-leaf-sans-peau\/\" class=\"item-content\" rel=\"noreferrer noopener\"><img decoding=\"async\" src=\"https:\/\/www.mapleleaf.ca\/fr\/wp-content\/uploads\/sites\/5\/2023\/10\/Prime-Organic-Chicken-breasts.png\" alt=\"Poitrines de poulet biologique d\u00e9soss\u00e9es, sans peau Prime de Maple Leaf\" width=\"300px\" height=\"300px\"\/><h5 class=\"item-title\">Poitrines de poulet biologique d\u00e9soss\u00e9es, sans peau Prime de Maple Leaf\u00ae<\/h5><\/a><\/li><li class=\"item\"><a href=\"https:\/\/www.mapleleaf.ca\/fr\/products\/hauts-de-cuisse-desosses-biologique-prime-de-maple-leaf-sans-peau\/\" class=\"item-content\" rel=\"noreferrer noopener\"><img decoding=\"async\" src=\"https:\/\/www.mapleleaf.ca\/fr\/wp-content\/uploads\/sites\/5\/2023\/10\/Prime-Organic-Skinless-Boneless-Chicken-Thighs.png\" alt=\"Hauts de cuisse de poulet biologique d\u00e9soss\u00e9s, sans peau Prime de Maple Leaf\" width=\"300px\" height=\"300px\"\/><h5 class=\"item-title\">Hauts de cuisse de poulet biologique d\u00e9soss\u00e9s, sans peau Prime de Maple Leaf\u00ae<\/h5><\/a><\/li><li class=\"item\"><a href=\"https:\/\/www.mapleleaf.ca\/fr\/products\/pilons-de-poulet-biologique-prime-de-maple-leaf\/\" class=\"item-content\" rel=\"noreferrer noopener\"><img decoding=\"async\" src=\"https:\/\/www.mapleleaf.ca\/fr\/wp-content\/uploads\/sites\/5\/2023\/10\/Prime-Organic-Chicken-Drumsticks.png\" alt=\"Pilons de poulet biologique Prime de Maple Leaf\" width=\"300px\" height=\"300px\"\/><h5 class=\"item-title\">Pilons de poulet biologique Prime de Maple Leaf\u00ae<\/h5><\/a><\/li><\/ul><\/div>\n\n\n\n<div class=\"wp-block-buttons is-horizontal is-content-justification-center is-layout-flex wp-container-core-buttons-is-layout-2 wp-block-buttons-is-layout-flex\">\n<div class=\"wp-block-button is-style-outline-brown\"><a class=\"wp-block-button__link wp-element-button\" href=\"https:\/\/www.mapleleaf.ca\/fr\/produits\/?fwp_mlf_brand_type=prime\">Parcourir nos produits Maple Leaf Prime<sup>\u00ae<\/sup><\/a><\/div>\n<\/div>\n\n\n\n<div style=\"height:100px\" aria-hidden=\"true\" class=\"wp-block-spacer\"><\/div>\n\n\n\n<h2 class=\"wp-block-heading has-text-align-center has-prime-blue-color has-text-color\">Questions ?<\/h2>\n\n\n\n<div class=\"wp-block-columns is-layout-flex wp-container-core-columns-is-layout-1 wp-block-columns-is-layout-flex\">\n<div class=\"wp-block-column is-layout-flow wp-block-column-is-layout-flow\">\n<div class=\"accordion-item\"><div class=\"accordion-header\"><h4>Que signifie \u00ab \u00e9lev\u00e9 sans antibiotiques \u00bb ?<\/h4><\/div><div class=\"accordion-content\">\n\n<p>Pour que nos poulets soient appel\u00e9s \u00ab \u00c9lev\u00e9s sans antibiotiques \u00bb, ils ne doivent jamais avoir re\u00e7u d\u2019antibiotiques, quelle que soit leur quantit\u00e9.<\/p>\n\n<\/div><\/div>\n\n\n\n<div class=\"accordion-item\"><div class=\"accordion-header\"><h4>Comment vos poulets sont-ils \u00e9lev\u00e9s ?<\/h4><\/div><div class=\"accordion-content\">\n\n<p>Nos poulets ont de l\u2019espace pour se d\u00e9placer et sont \u00e9lev\u00e9s sans cage dans des poulaillers climatis\u00e9s avec acc\u00e8s \u00e0 la nourriture, \u00e0 l\u2019eau et \u00e0 des jeux sociaux \u00e0 tout moment. Ils sont \u00e9galement \u00e9lev\u00e9s sans utilisation d\u2019hormones ou de st\u00e9ro\u00efdes. Les poulets Prime de Maple Leaf<sup>\u00ae<\/sup>&nbsp;\u00c9SA et les poulets biologiques sont nourris aux grains v\u00e9g\u00e9taux et ne re\u00e7oivent jamais d\u2019antibiotiques.<\/p>\n\n<\/div><\/div>\n\n\n\n<div class=\"accordion-item\"><div class=\"accordion-header\"><h4>Pourquoi est-il important pour moi de savoir si un animal est \u00e9lev\u00e9 sans antibiotiques ?<\/h4><\/div><div class=\"accordion-content\">\n\n<p>Nous croyons qu\u2019il faut donner aux consommateurs le choix quant \u00e0 la fa\u00e7on dont ils nourrissent leur famille. Que vous partagiez des poulets traditionnels, biologiques ou Prime<sup>\u00ae<\/sup>&nbsp;\u00c9lev\u00e9s sans antibiotiques, les consommateurs doivent se sentir rassur\u00e9s quant \u00e0 la qualit\u00e9 et \u00e0 la s\u00e9curit\u00e9 du produit.<\/p>\n\n<\/div><\/div>\n\n\n\n<div class=\"accordion-item\"><div class=\"accordion-header\"><h4>Est-ce que tous les poulets vendus au Canada sont \u00e9lev\u00e9s sans antibiotiques ?<\/h4><\/div><div class=\"accordion-content\">\n\n<p>Tous les poulets achet\u00e9s dans les magasins sont techniquement \u00ab sans antibiotiques \u00bb, car tous les antibiotiques doivent \u00eatre \u00e9limin\u00e9s du syst\u00e8me de l\u2019animal avant que celui-ci ne soit transform\u00e9, m\u00eame s\u2019il n\u2019a \u00e9t\u00e9 trait\u00e9 qu\u2019une seule fois.<\/p>\n\n\n<p>C\u2019est pourquoi les produits Prime de Maple Leaf<sup>\u00ae<\/sup>&nbsp;\u00c9lev\u00e9s sans antibiotiques et biologiques garantissent aux Canadiens que le poulet qu\u2019ils servent \u00e0 leur famille est v\u00e9ritablement \u00e9lev\u00e9 sans antibiotiques.<\/p>\n\n<\/div><\/div>\n<\/div>\n\n\n\n<div class=\"wp-block-column is-layout-flow wp-block-column-is-layout-flow\">\n<div class=\"accordion-item\"><div class=\"accordion-header\"><h4><strong><strong>Pourquoi utilise-t-on des antibiotiques chez les poulets ?<\/strong><\/strong><\/h4><\/div><div class=\"accordion-content\">\n\n<p>Comme les humains, les animaux tombent parfois malades, et les soigner est une partie responsable du soin des animaux. Nos \u00e9leveurs travaillent en \u00e9troite collaboration avec des v\u00e9t\u00e9rinaires et des experts pour d\u00e9terminer si et quand des antibiotiques sont n\u00e9cessaires. Dans ce cas, ils ne seront pas vendus sous le nom de Prime<sup>\u00ae<\/sup>&nbsp;\u00c9lev\u00e9 sans antibiotiques.<\/p>\n\n<\/div><\/div>\n\n\n\n<div class=\"accordion-item\"><div class=\"accordion-header\"><h4>O\u00f9 se trouvent vos poulaillers ?<\/h4><\/div><div class=\"accordion-content\">\n\n<p>Nous sommes fiers d\u2019\u00e9lever tous nos poulets dans des fermes canadiennes situ\u00e9es en Alberta et en Ontario.<\/p>\n\n<\/div><\/div>\n\n\n\n<div class=\"accordion-item\"><div class=\"accordion-header\"><h4>Comment l\u2019\u00e9levage de poulets sans antibiotiques affecte-t-il la qualit\u00e9 et le go\u00fbt de la viande ?<\/h4><\/div><div class=\"accordion-content\">\n\n<p>Vous pouvez toujours vous attendre \u00e0 du poulet savoureux de la part de Maple Leaf. Le poulet \u00e9lev\u00e9 sans antibiotiques et le poulet \u00e9lev\u00e9 de mani\u00e8re traditionnelle ont exactement le m\u00eame go\u00fbt.<\/p>\n\n<\/div><\/div>\n\n\n\n<div class=\"accordion-item\"><div class=\"accordion-header\"><h4>Y a-t-il une diff\u00e9rence entre les poulets \u00e9lev\u00e9s sans antibiotiques et les poulets biologiques ?<\/h4><\/div><div class=\"accordion-content\">\n\n<p>Oui, il y a une diff\u00e9rence! \u00c9lev\u00e9s sans antibiotiques cela signifie que nos poulets n\u2019ont jamais \u00e9t\u00e9 trait\u00e9s avec des antibiotiques, de l\u2019\u00e9closion \u00e0 la transformation.<\/p>\n\n\n<p>Avec les poulets biologiques, nos oiseaux re\u00e7oivent un r\u00e9gime alimentaire certifi\u00e9 biologique sans sous-produits animaux ni antibiotiques, et avec des vitamines approuv\u00e9es par l\u2019ACIA. Ils b\u00e9n\u00e9ficient \u00e9galement de plus d\u2019espace dans les poulaillers avec un \u00e9clairage naturel et un acc\u00e8s \u00e0 l\u2019ext\u00e9rieur.<\/p>\n\n<\/div><\/div>\n<\/div>\n\n\n\n<div class=\"wp-block-column is-layout-flow wp-block-column-is-layout-flow\">\n<div class=\"accordion-item\"><div class=\"accordion-header\"><h4><strong><strong>Comment \u00e9lever des poulets sans antibiotiques? Que faites-vous diff\u00e9remment ?<\/strong><\/strong><\/h4><\/div><div class=\"accordion-content\">\n\n<p>Tous nos poulets suivent un programme de sant\u00e9 sp\u00e9cial con\u00e7u pour promouvoir et d\u00e9velopper un syst\u00e8me immunitaire fort afin d\u2019aider \u00e0 se d\u00e9fendre contre tout probl\u00e8me de sant\u00e9 sans utiliser d\u2019antibiotiques.<\/p>\n\n<\/div><\/div>\n\n\n\n<div class=\"accordion-item\"><div class=\"accordion-header\"><h4>L\u2019\u00e9levage de poulets sans antibiotiques est-il plus humain?<\/h4><\/div><div class=\"accordion-content\">\n\n<p>Nous sommes fiers d\u2019\u00e9lever tous nos poulets de fa\u00e7on humaine selon les normes les plus \u00e9lev\u00e9es au Canada.<\/p>\n\n<\/div><\/div>\n\n\n\n<div class=\"accordion-item\"><div class=\"accordion-header\"><h4>Comment puis-je savoir si un animal est \u00e9lev\u00e9 sans antibiotiques ?<\/h4><\/div><div class=\"accordion-content\">\n\n<p>Il suffit de rechercher la mention \u00ab \u00e9lev\u00e9 sans antibiotiques \u00bb sur l\u2019\u00e9tiquette de l\u2019emballage!<\/p>\n\n<\/div><\/div>\n\n\n\n<div class=\"accordion-item\"><div class=\"accordion-header\"><h4>Avec le poulet \u00e9lev\u00e9 sans antibiotiques Prime\u00a0de Maple Leaf<sup>\u00ae<\/sup>, cela signifie-t-il que le poulet ordinaire Prime de Maple Leaf<sup>\u00ae<\/sup>\u00a0\u00e9lev\u00e9 dans des fermes canadiennes contient des antibiotiques ?<\/h4><\/div><div class=\"accordion-content\">\n\n<p>Pour tous les poulets du Canada, toute utilisation d\u2019antibiotiques est autoris\u00e9e avant l\u2019arriv\u00e9e dans votre magasin. Nos poulets \u00e9lev\u00e9s de mani\u00e8re traditionnelle ne sont trait\u00e9s aux antibiotiques que lorsque nos v\u00e9t\u00e9rinaires et nos experts en sant\u00e9 conviennent que c\u2019est n\u00e9cessaire pour leur sant\u00e9.<\/p>\n\n<\/div><\/div>\n<\/div>\n<\/div>\n\n\n\n<div class=\"wp-block-buttons is-layout-flex wp-block-buttons-is-layout-flex\">\n<div class=\"wp-block-button is-style-outline-brown aligncenter\"><a class=\"wp-block-button__link wp-element-button\" href=\"https:\/\/www.mapleleaf.ca\/fr\/faq\/\">Parcourir la FAQ<\/a><\/div>\n<\/div>\n\n\n\n<div style=\"height:70px\" aria-hidden=\"true\" class=\"wp-block-spacer\"><\/div>\n","protected":false},"excerpt":{"rendered":"<p>Recettes de poulet et dinde VIl y a plusieurs fa\u00e7ons d&rsquo;utiliser nos produits de poulet et de dinde dans vos recettes de tous les jours. Voici quelques nouvelles recettes \u00e0 essayer! Des produits de qualit\u00e9 \u00e0 qui l\u2019on peut faire confiance Notre objectif est de toujours offrir des aliments de la plus haute qualit\u00e9 au [&hellip;]<\/p>\n","protected":false},"author":3,"featured_media":0,"parent":0,"menu_order":0,"comment_status":"closed","ping_status":"closed","template":"","meta":{"footnotes":""},"class_list":["post-361","page","type-page","status-publish","hentry"],"acf":[],"yoast_head":"<!-- This site is optimized with the Yoast SEO plugin v21.7 - https:\/\/yoast.com\/wordpress\/plugins\/seo\/ -->\n<title>Maple Leaf Prime - Maple Leaf<\/title>\n<meta name=\"robots\" content=\"index, follow, max-snippet:-1, max-image-preview:large, max-video-preview:-1\" \/>\n<link rel=\"canonical\" href=\"https:\/\/www.mapleleaf.ca\/fr\/prime\/\" \/>\n<meta property=\"og:locale\" content=\"fr_FR\" \/>\n<meta property=\"og:type\" content=\"article\" \/>\n<meta property=\"og:title\" content=\"Maple Leaf Prime - Maple Leaf\" \/>\n<meta property=\"og:description\" content=\"Recettes de poulet et dinde VIl y a plusieurs fa\u00e7ons d&rsquo;utiliser nos produits de poulet et de dinde dans vos recettes de tous les jours. Voici quelques nouvelles recettes \u00e0 essayer! Des produits de qualit\u00e9 \u00e0 qui l\u2019on peut faire confiance Notre objectif est de toujours offrir des aliments de la plus haute qualit\u00e9 au [&hellip;]\" \/>\n<meta property=\"og:url\" content=\"https:\/\/www.mapleleaf.ca\/fr\/prime\/\" \/>\n<meta property=\"og:site_name\" content=\"Maple Leaf\" \/>\n<meta property=\"article:modified_time\" content=\"2023-10-02T18:35:06+00:00\" \/>\n<meta property=\"og:image\" content=\"https:\/\/staging.trewknowledge.com\/greenfieldmeat\/mapleleaf\/wp-content\/uploads\/sites\/4\/2021\/10\/MLFP-landing-header-scaled.jpg\" \/>\n<meta name=\"twitter:card\" content=\"summary_large_image\" \/>\n<meta name=\"twitter:label1\" content=\"Dur\u00e9e de lecture estim\u00e9e\" \/>\n\t<meta name=\"twitter:data1\" content=\"7 minutes\" \/>\n<script type=\"application\/ld+json\" class=\"yoast-schema-graph\">{\"@context\":\"https:\/\/schema.org\",\"@graph\":[{\"@type\":\"WebPage\",\"@id\":\"https:\/\/www.mapleleaf.ca\/fr\/prime\/\",\"url\":\"https:\/\/www.mapleleaf.ca\/fr\/prime\/\",\"name\":\"Maple Leaf Prime - Maple Leaf\",\"isPartOf\":{\"@id\":\"https:\/\/www.mapleleaf.ca\/fr\/#website\"},\"datePublished\":\"2021-08-25T13:18:30+00:00\",\"dateModified\":\"2023-10-02T18:35:06+00:00\",\"breadcrumb\":{\"@id\":\"https:\/\/www.mapleleaf.ca\/fr\/prime\/#breadcrumb\"},\"inLanguage\":\"fr-FR\",\"potentialAction\":[{\"@type\":\"ReadAction\",\"target\":[\"https:\/\/www.mapleleaf.ca\/fr\/prime\/\"]}]},{\"@type\":\"BreadcrumbList\",\"@id\":\"https:\/\/www.mapleleaf.ca\/fr\/prime\/#breadcrumb\",\"itemListElement\":[{\"@type\":\"ListItem\",\"position\":1,\"name\":\"Home\",\"item\":\"https:\/\/www.mapleleaf.ca\/fr\/\"},{\"@type\":\"ListItem\",\"position\":2,\"name\":\"Maple Leaf Prime\"}]},{\"@type\":\"WebSite\",\"@id\":\"https:\/\/www.mapleleaf.ca\/fr\/#website\",\"url\":\"https:\/\/www.mapleleaf.ca\/fr\/\",\"name\":\"Maple Leaf\",\"description\":\"Vraiment vrai.\",\"publisher\":{\"@id\":\"https:\/\/www.mapleleaf.ca\/fr\/#organization\"},\"potentialAction\":[{\"@type\":\"SearchAction\",\"target\":{\"@type\":\"EntryPoint\",\"urlTemplate\":\"https:\/\/www.mapleleaf.ca\/fr\/?s={search_term_string}\"},\"query-input\":\"required name=search_term_string\"}],\"inLanguage\":\"fr-FR\"},{\"@type\":\"Organization\",\"@id\":\"https:\/\/www.mapleleaf.ca\/fr\/#organization\",\"name\":\"Maple Leaf\",\"url\":\"https:\/\/www.mapleleaf.ca\/fr\/\",\"logo\":{\"@type\":\"ImageObject\",\"inLanguage\":\"fr-FR\",\"@id\":\"https:\/\/www.mapleleaf.ca\/fr\/#\/schema\/logo\/image\/\",\"url\":\"https:\/\/www.mapleleaf.ca\/fr\/wp-content\/uploads\/sites\/5\/2023\/02\/MapleLeaf_Natural_BI.png\",\"contentUrl\":\"https:\/\/www.mapleleaf.ca\/fr\/wp-content\/uploads\/sites\/5\/2023\/02\/MapleLeaf_Natural_BI.png\",\"width\":500,\"height\":561,\"caption\":\"Maple Leaf\"},\"image\":{\"@id\":\"https:\/\/www.mapleleaf.ca\/fr\/#\/schema\/logo\/image\/\"}}]}<\/script>\n<!-- \/ Yoast SEO plugin. -->","yoast_head_json":{"title":"Maple Leaf Prime - Maple Leaf","robots":{"index":"index","follow":"follow","max-snippet":"max-snippet:-1","max-image-preview":"max-image-preview:large","max-video-preview":"max-video-preview:-1"},"canonical":"https:\/\/www.mapleleaf.ca\/fr\/prime\/","og_locale":"fr_FR","og_type":"article","og_title":"Maple Leaf Prime - Maple Leaf","og_description":"Recettes de poulet et dinde VIl y a plusieurs fa\u00e7ons d&rsquo;utiliser nos produits de poulet et de dinde dans vos recettes de tous les jours. Voici quelques nouvelles recettes \u00e0 essayer! Des produits de qualit\u00e9 \u00e0 qui l\u2019on peut faire confiance Notre objectif est de toujours offrir des aliments de la plus haute qualit\u00e9 au [&hellip;]","og_url":"https:\/\/www.mapleleaf.ca\/fr\/prime\/","og_site_name":"Maple Leaf","article_modified_time":"2023-10-02T18:35:06+00:00","og_image":[{"url":"https:\/\/staging.trewknowledge.com\/greenfieldmeat\/mapleleaf\/wp-content\/uploads\/sites\/4\/2021\/10\/MLFP-landing-header-scaled.jpg"}],"twitter_card":"summary_large_image","twitter_misc":{"Dur\u00e9e de lecture estim\u00e9e":"7 minutes"},"schema":{"@context":"https:\/\/schema.org","@graph":[{"@type":"WebPage","@id":"https:\/\/www.mapleleaf.ca\/fr\/prime\/","url":"https:\/\/www.mapleleaf.ca\/fr\/prime\/","name":"Maple Leaf Prime - Maple Leaf","isPartOf":{"@id":"https:\/\/www.mapleleaf.ca\/fr\/#website"},"datePublished":"2021-08-25T13:18:30+00:00","dateModified":"2023-10-02T18:35:06+00:00","breadcrumb":{"@id":"https:\/\/www.mapleleaf.ca\/fr\/prime\/#breadcrumb"},"inLanguage":"fr-FR","potentialAction":[{"@type":"ReadAction","target":["https:\/\/www.mapleleaf.ca\/fr\/prime\/"]}]},{"@type":"BreadcrumbList","@id":"https:\/\/www.mapleleaf.ca\/fr\/prime\/#breadcrumb","itemListElement":[{"@type":"ListItem","position":1,"name":"Home","item":"https:\/\/www.mapleleaf.ca\/fr\/"},{"@type":"ListItem","position":2,"name":"Maple Leaf Prime"}]},{"@type":"WebSite","@id":"https:\/\/www.mapleleaf.ca\/fr\/#website","url":"https:\/\/www.mapleleaf.ca\/fr\/","name":"Maple Leaf","description":"Vraiment vrai.","publisher":{"@id":"https:\/\/www.mapleleaf.ca\/fr\/#organization"},"potentialAction":[{"@type":"SearchAction","target":{"@type":"EntryPoint","urlTemplate":"https:\/\/www.mapleleaf.ca\/fr\/?s={search_term_string}"},"query-input":"required name=search_term_string"}],"inLanguage":"fr-FR"},{"@type":"Organization","@id":"https:\/\/www.mapleleaf.ca\/fr\/#organization","name":"Maple Leaf","url":"https:\/\/www.mapleleaf.ca\/fr\/","logo":{"@type":"ImageObject","inLanguage":"fr-FR","@id":"https:\/\/www.mapleleaf.ca\/fr\/#\/schema\/logo\/image\/","url":"https:\/\/www.mapleleaf.ca\/fr\/wp-content\/uploads\/sites\/5\/2023\/02\/MapleLeaf_Natural_BI.png","contentUrl":"https:\/\/www.mapleleaf.ca\/fr\/wp-content\/uploads\/sites\/5\/2023\/02\/MapleLeaf_Natural_BI.png","width":500,"height":561,"caption":"Maple Leaf"},"image":{"@id":"https:\/\/www.mapleleaf.ca\/fr\/#\/schema\/logo\/image\/"}}]}},"jetpack_sharing_enabled":true,"_links":{"self":[{"href":"https:\/\/www.mapleleaf.ca\/fr\/wp-json\/wp\/v2\/pages\/361"}],"collection":[{"href":"https:\/\/www.mapleleaf.ca\/fr\/wp-json\/wp\/v2\/pages"}],"about":[{"href":"https:\/\/www.mapleleaf.ca\/fr\/wp-json\/wp\/v2\/types\/page"}],"author":[{"embeddable":true,"href":"https:\/\/www.mapleleaf.ca\/fr\/wp-json\/wp\/v2\/users\/3"}],"replies":[{"embeddable":true,"href":"https:\/\/www.mapleleaf.ca\/fr\/wp-json\/wp\/v2\/comments?post=361"}],"version-history":[{"count":53,"href":"https:\/\/www.mapleleaf.ca\/fr\/wp-json\/wp\/v2\/pages\/361\/revisions"}],"predecessor-version":[{"id":3498,"href":"https:\/\/www.mapleleaf.ca\/fr\/wp-json\/wp\/v2\/pages\/361\/revisions\/3498"}],"wp:attachment":[{"href":"https:\/\/www.mapleleaf.ca\/fr\/wp-json\/wp\/v2\/media?parent=361"}],"curies":[{"name":"wp","href":"https:\/\/api.w.org\/{rel}","templated":true}]}}