{"id":438,"date":"2021-08-28T15:34:38","date_gmt":"2021-08-28T15:34:38","guid":{"rendered":"https:\/\/staging.trewknowledge.com\/greenfieldmeat\/mapleleaf\/?page_id=438"},"modified":"2026-01-07T22:48:55","modified_gmt":"2026-01-07T22:48:55","slug":"ingredients","status":"publish","type":"page","link":"https:\/\/www.mapleleaf.ca\/fr\/ingredients\/","title":{"rendered":"Nos ingr\u00e9dients"},"content":{"rendered":"\n<div class=\"wp-block-mlf-header-block-one\"><div class=\"header-block header-block-one\" style=\"color:#c33b32\"><div class=\"header-block-one__title\"><h1>De vrais aliments pour de vraies familles<\/h1><\/div><div class=\"header-block-one__image alignfull\"><img decoding=\"async\" class=\"header-block__image-desktop false\" src=\"https:\/\/www.mapleleaf.ca\/fr\/wp-content\/uploads\/sites\/5\/2022\/01\/ingredients-header-min.jpg\" width=\"1340px\" height=\"650px\" \/><img decoding=\"async\" class=\"header-block__image-mobile\" src=\"https:\/\/staging.trewknowledge.com\/greenfieldmeat\/mapleleaf\/wp-content\/uploads\/sites\/4\/2021\/11\/ingredients-hero-mobile-min.png\" width=\"425px\" height=\"450px\" \/><\/div><\/div><\/div>\n\n\n\n<div class=\"wp-block-group is-style-width-600-container is-layout-flow wp-block-group-is-layout-flow\">\n<div style=\"height:50px\" aria-hidden=\"true\" class=\"wp-block-spacer\"><\/div>\n\n\n\n<h2 class=\"wp-block-heading has-text-align-center has-blue-color has-text-color\">Vous avez le droit de bien manger.<\/h2>\n\n\n\n<p class=\"has-text-align-center has-brown-color has-text-color\">Ainsi, nous promettons de n\u2019utiliser que des ingr\u00e9dients vrais, simples ou naturels que nous ne vous cacherons jamais.<\/p>\n\n\n\n<div style=\"height:50px\" aria-hidden=\"true\" class=\"wp-block-spacer\"><\/div>\n\n\n\n<p><\/p>\n<\/div>\n\n\n\n<div class=\"wp-block-columns alignfull-mobile-only is-layout-flex wp-container-core-columns-is-layout-1 wp-block-columns-is-layout-flex\">\n<div class=\"wp-block-column is-style-ingredients-page has-brown-color has-light-green-background-color has-text-color has-background is-layout-flow wp-block-column-is-layout-flow\">\n<div class=\"wp-block-media-text alignwide has-media-on-the-right\" style=\"grid-template-columns:auto 36%\"><div class=\"wp-block-media-text__content\">\n<h1 class=\"wp-block-heading has-brown-color has-text-color\" style=\"font-size:3.25rem\">Liste<br>\u00ab pour toujours \u00bb<\/h1>\n<\/div><figure class=\"wp-block-media-text__media\"><img decoding=\"async\" width=\"289\" height=\"226\" src=\"https:\/\/staging.trewknowledge.com\/greenfieldmeat\/mapleleaf\/wp-content\/uploads\/sites\/4\/2021\/09\/check-brown.png\" alt=\"\" class=\"wp-image-605 size-full\" \/><\/figure><\/div>\n\n\n\n<h3 class=\"wp-block-heading has-brown-color has-text-color\"><strong><strong>Nous promettons d&rsquo;utiliser de <strong>vrais<\/strong><\/strong> <strong>ingr\u00e9dients dans tous nos aliments :<\/strong><\/strong><\/h3>\n\n\n\n<ul class=\"wp-block-list\">\n<li>Poudre de betterave,<\/li>\n\n\n\n<li>B\u0153uf,<\/li>\n\n\n\n<li>Gras de b\u0153uf,<\/li>\n\n\n\n<li>Huile de canola,<\/li>\n\n\n\n<li>Poudre de cerise,<\/li>\n\n\n\n<li>Poulet,<\/li>\n\n\n\n<li>Extrait de culture de c\u00e9leri,<\/li>\n\n\n\n<li>Ail s\u00e9ch\u00e9,<\/li>\n\n\n\n<li>Poivrons rouge s\u00e9ch\u00e9,<\/li>\n\n\n\n<li>Miel,<\/li>\n\n\n\n<li>Culture lactique de d\u00e9part,<\/li>\n\n\n\n<li>Concentr\u00e9 de jus de citron,<\/li>\n\n\n\n<li>Vinaigre modifi\u00e9*,<\/li>\n\n\n\n<li>Saveur d\u2019\u00e9rable naturelle,<\/li>\n\n\n\n<li>Saveur naturelle de fum\u00e9e.<\/li>\n\n\n\n<li>Prot\u00e9ines de pois,<\/li>\n\n\n\n<li>Porc,<\/li>\n\n\n\n<li>F\u00e9cule de pomme de terre,<\/li>\n\n\n\n<li>Extrait de romarin,<\/li>\n\n\n\n<li>Sel,<\/li>\n\n\n\n<li>Poudre de lait \u00e9cr\u00e9m\u00e9,<\/li>\n\n\n\n<li>Fum\u00e9e,<\/li>\n\n\n\n<li>\u00c9pice,<\/li>\n\n\n\n<li>Sucre,<\/li>\n\n\n\n<li>F\u00e9cule de tapioca,<\/li>\n\n\n\n<li>Chapelure de bl\u00e9 grill\u00e9e,<\/li>\n\n\n\n<li>Dinde,<\/li>\n\n\n\n<li>Eau,<\/li>\n\n\n\n<li>Poivre blanc,<\/li>\n\n\n\n<li>Extrait de levure<\/li>\n\n\n\n<li><\/li>\n<\/ul>\n\n\n\n<p class=\"has-small-font-size\">* Le vinaigre modifi\u00e9 est un ingr\u00e9dient simple qui a fait ses preuves en mati\u00e8re de protection de la salubrit\u00e9 alimentaire. Lire notre <a class=\"has-small-font-size\" href=\"https:\/\/www.mapleleaf.ca\/fr\/faq\/\">FAQ<\/a><\/p>\n<\/div>\n\n\n\n<div class=\"wp-block-column is-style-ingredients-page has-beige-color has-red-background-color has-text-color has-background is-layout-flow wp-block-column-is-layout-flow\">\n<div class=\"wp-block-media-text alignwide has-media-on-the-right\" style=\"grid-template-columns:auto 35%\"><div class=\"wp-block-media-text__content\">\n<h1 class=\"wp-block-heading has-beige-color has-text-color\" style=\"font-size:3.25rem\">Liste<br>\u00ab au grand jamais \u00bb<\/h1>\n<\/div><figure class=\"wp-block-media-text__media\"><img decoding=\"async\" width=\"228\" height=\"228\" src=\"https:\/\/staging.trewknowledge.com\/greenfieldmeat\/mapleleaf\/wp-content\/uploads\/sites\/4\/2021\/09\/x.png\" alt=\"\" class=\"wp-image-606 size-full\" srcset=\"https:\/\/www.mapleleaf.ca\/fr\/wp-content\/uploads\/sites\/5\/2021\/09\/x.png 228w, https:\/\/www.mapleleaf.ca\/fr\/wp-content\/uploads\/sites\/5\/2021\/09\/x-150x150.png 150w\" sizes=\"(max-width: 228px) 100vw, 228px\" \/><\/figure><\/div>\n\n\n\n<h3 class=\"wp-block-heading has-beige-color has-text-color\"><strong>Nous tenons notre promesse<\/strong>  <strong>de ne jamais utiliser aucun de ces ingr\u00e9dients dans nos aliments :<\/strong><\/h3>\n\n\n\n<ul class=\"wp-block-list\">\n<li>Saveur de fum\u00e9e artificielle,<\/li>\n\n\n\n<li>Extrait de levure autolys\u00e9e,<\/li>\n\n\n\n<li>B.H.A. (hydroxyanisol butyl\u00e9),<\/li>\n\n\n\n<li>B.H.T. (hydroxytulu\u00e8ne butyl\u00e9),<\/li>\n\n\n\n<li>Carragh\u00e9nine,<\/li>\n\n\n\n<li>Extrait sec de sirop de ma\u00efs,<\/li>\n\n\n\n<li>Dextrose,<\/li>\n\n\n\n<li>Glyc\u00e9rides,<\/li>\n\n\n\n<li>Prot\u00e9ines de ma\u00efs et de soya hydrolys\u00e9es,<\/li>\n\n\n\n<li>Poulet s\u00e9par\u00e9 m\u00e9caniquement (ou viande),<\/li>\n\n\n\n<li>Amidon de ma\u00efs modifi\u00e9,<\/li>\n\n\n\n<li>Substances laiti\u00e8res modifi\u00e9es,<\/li>\n\n\n\n<li>Glutamate monosodique,<\/li>\n\n\n\n<li>Phosphate\/phosphate trisodoque,<\/li>\n\n\n\n<li>Poly\u00e9thyl\u00e8ne glycol (peg),<\/li>\n\n\n\n<li>Polysorbates,<\/li>\n\n\n\n<li>Chlorure de potassium,<\/li>\n\n\n\n<li>Lactate de potassium,<\/li>\n\n\n\n<li>Diac\u00e9tate de sodium,<\/li>\n\n\n\n<li>\u00c9rythorbate de sodium,<\/li>\n\n\n\n<li>Lactate de sodium,<\/li>\n\n\n\n<li>Nitrite de sodium,<\/li>\n\n\n\n<li>Phosphate de sodium\/phosphate disodique,<\/li>\n\n\n\n<li>Sulfites,<\/li>\n\n\n\n<li>Pyrophosphate t\u00e9trapotassique<\/li>\n<\/ul>\n<\/div>\n<\/div>\n\n\n\n<h2 class=\"wp-block-heading has-text-align-center has-blue-color has-text-color\"><strong>Voici quelques exemples de la fa\u00e7on dont<br>Nous sommes vrais.<\/strong><\/h2>\n\n\n\n<div class=\"wp-block-columns is-style-gapless alignfull-desktop-only before-now-block is-layout-flex wp-container-core-columns-is-layout-2 wp-block-columns-is-layout-flex\">\n<div class=\"wp-block-column has-brown-color has-beige-background-color has-text-color has-background is-layout-flow wp-block-column-is-layout-flow\">\n<figure class=\"wp-block-image aligncenter size-large is-resized\"><img decoding=\"async\" width=\"1024\" height=\"618\" src=\"https:\/\/staging.trewknowledge.com\/greenfieldmeat\/mapleleaf\/wp-content\/uploads\/sites\/4\/2021\/10\/ML-bacon-trim-min-1024x618.png\" alt=\"ML-bacon-trim-min\" class=\"wp-image-1462\" style=\"width:509px;height:305px\" srcset=\"https:\/\/www.mapleleaf.ca\/fr\/wp-content\/uploads\/sites\/5\/2021\/10\/ML-bacon-trim-min-1024x618.png 1024w, https:\/\/www.mapleleaf.ca\/fr\/wp-content\/uploads\/sites\/5\/2021\/10\/ML-bacon-trim-min-300x181.png 300w, https:\/\/www.mapleleaf.ca\/fr\/wp-content\/uploads\/sites\/5\/2021\/10\/ML-bacon-trim-min-768x464.png 768w, https:\/\/www.mapleleaf.ca\/fr\/wp-content\/uploads\/sites\/5\/2021\/10\/ML-bacon-trim-min-1536x927.png 1536w, https:\/\/www.mapleleaf.ca\/fr\/wp-content\/uploads\/sites\/5\/2021\/10\/ML-bacon-trim-min-2048x1236.png 2048w\" sizes=\"(max-width: 1024px) 100vw, 1024px\" \/><\/figure>\n\n\n\n<h2 class=\"wp-block-heading has-text-align-center\">Bacon naturel<\/h2>\n\n\n\n<div class=\"wp-block-mlf-tabs is-frontend default-variation show-default-variation-on-mobile has-beige-background-color has-background\" style=\"background-color:#fbf8f3\"><div class=\"mlf-tabs\"><ul class=\"mlf-tabs__list justify-content-center has-border-bottom\" style=\"border-color:#6a3f24;background-color:#edd5b2\"><li style=\"border-color:#0d4da7\" data-tab-id=\"0\" class=\"mlf-tab__item active has-border-bottom\"><p style=\"color:#6A3F24\" class=\"mlf-tab__item-button\">Avant<\/p><\/li><li style=\"border-color:#0d4da7\" data-tab-id=\"1\" class=\"mlf-tab__item has-border-bottom\"><p style=\"color:#6A3F24\" class=\"mlf-tab__item-button\">Actuelle<\/p><\/li><\/ul>\n<div data-tab-id=\"0\" class=\"wp-block-mlf-tab-content active\">\n<p>INGR\u00c9DIENTS: Porc, Eau, Sel, Sucre, Phosphate de sodium, Dextrose, \u00c9rythorbate de sodium, Nitrite de sodium, Fum\u00e9e.<\/p>\n<\/div>\n\n\n\n<div data-tab-id=\"1\" class=\"wp-block-mlf-tab-content\">\n<p>INGR\u00c9DIENTS: Porc, Eau, Sel de mer, Extrait de c\u00e9leri de culture, \u00c9pice, Fum\u00e9e.<\/p>\n<\/div>\n<\/div><\/div>\n\n\n\n<p>.<\/p>\n<\/div>\n\n\n\n<div class=\"wp-block-column has-brown-color has-light-green-background-color has-text-color has-background is-layout-flow wp-block-column-is-layout-flow\">\n<figure class=\"wp-block-image aligncenter size-medium is-resized\"><img decoding=\"async\" width=\"300\" height=\"274\" src=\"https:\/\/staging.trewknowledge.com\/greenfieldmeat\/mapleleaf\/wp-content\/uploads\/sites\/4\/2021\/08\/43_ML_TOP_DOGS_ORIG_REGULAR_SIZE_12X375G_RENDER-1-300x274.png\" alt=\"\" class=\"wp-image-286\" style=\"height:300px\" srcset=\"https:\/\/www.mapleleaf.ca\/fr\/wp-content\/uploads\/sites\/5\/2021\/08\/43_ML_TOP_DOGS_ORIG_REGULAR_SIZE_12X375G_RENDER-1-300x274.png 300w, https:\/\/www.mapleleaf.ca\/fr\/wp-content\/uploads\/sites\/5\/2021\/08\/43_ML_TOP_DOGS_ORIG_REGULAR_SIZE_12X375G_RENDER-1-768x702.png 768w, https:\/\/www.mapleleaf.ca\/fr\/wp-content\/uploads\/sites\/5\/2021\/08\/43_ML_TOP_DOGS_ORIG_REGULAR_SIZE_12X375G_RENDER-1.png 930w\" sizes=\"(max-width: 300px) 100vw, 300px\" \/><\/figure>\n\n\n\n<h2 class=\"wp-block-heading has-text-align-center\">Natural Top Dogs<sup>MC<\/sup>&nbsp;<\/h2>\n\n\n\n<div class=\"wp-block-mlf-tabs is-frontend default-variation show-default-variation-on-mobile has-light-green-background-color has-background\" style=\"background-color:#fbf8f3\"><div class=\"mlf-tabs\"><ul class=\"mlf-tabs__list justify-content-center has-border-bottom\" style=\"border-color:#6a3f24;background-color:#9cae89\"><li style=\"border-color:#0d4da7\" data-tab-id=\"0\" class=\"mlf-tab__item active has-border-bottom\"><p style=\"color:#6A3F24\" class=\"mlf-tab__item-button\">Avant<\/p><\/li><li style=\"border-color:#0d4da7\" data-tab-id=\"1\" class=\"mlf-tab__item has-border-bottom\"><p style=\"color:#6A3F24\" class=\"mlf-tab__item-button\">Actuelle<\/p><\/li><\/ul>\n<div data-tab-id=\"0\" class=\"wp-block-mlf-tab-content active\">\n<p>INGR\u00c9DIENTS: Poulet S\u00e9par\u00e9 M\u00e9caniquement, Porc, eau, Amidon De Ma\u00efs Modifi\u00e9, Sel, Gluten De Bl\u00e9, Lactate De Potassium, Dextrose, Gluten De Bl\u00e9, Sel, \u00c9pice, Extrait Sec De Sirop De Ma\u00efs, Phosphate De Sodium, Diac\u00e9tate De Sodium, \u00c9rythorbate De Sodium, Poudre D\u2019ail, Poudre D\u2019oignon, Nitrite De Sodium, Fum\u00e9e.<\/p>\n\n\n\n<p>Contient : Bl\u00e9.<\/p>\n<\/div>\n\n\n\n<div data-tab-id=\"1\" class=\"wp-block-mlf-tab-content\">\n<p>INGR\u00c9DIENTS: Poulet, Porc, Eau, Sel de mer, Vinaigre modifi\u00e9, \u00c9pice, Extrait de c\u00e9leri de culture, Poudre de cerise, Sucre de canne, Fum\u00e9e.<\/p>\n<\/div>\n<\/div><\/div>\n<\/div>\n<\/div>\n\n\n\n<p><\/p>\n","protected":false},"excerpt":{"rendered":"<p>Vous avez le droit de bien manger. Ainsi, nous promettons de n\u2019utiliser que des ingr\u00e9dients vrais, simples ou naturels que nous ne vous cacherons jamais. Liste\u00ab pour toujours \u00bb Nous promettons d&rsquo;utiliser de vrais ingr\u00e9dients dans tous nos aliments : * Le vinaigre modifi\u00e9 est un ingr\u00e9dient simple qui a fait ses preuves en mati\u00e8re [&hellip;]<\/p>\n","protected":false},"author":1,"featured_media":0,"parent":0,"menu_order":0,"comment_status":"closed","ping_status":"closed","template":"","meta":{"footnotes":""},"class_list":["post-438","page","type-page","status-publish","hentry"],"acf":[],"yoast_head":"<!-- This site is optimized with the Yoast SEO plugin v21.7 - https:\/\/yoast.com\/wordpress\/plugins\/seo\/ -->\n<title>Nos ingr\u00e9dients - Maple Leaf<\/title>\n<meta name=\"robots\" content=\"index, follow, max-snippet:-1, max-image-preview:large, max-video-preview:-1\" \/>\n<link rel=\"canonical\" href=\"https:\/\/www.mapleleaf.ca\/fr\/ingredients\/\" \/>\n<meta property=\"og:locale\" content=\"fr_FR\" \/>\n<meta property=\"og:type\" content=\"article\" \/>\n<meta property=\"og:title\" content=\"Nos ingr\u00e9dients - Maple Leaf\" \/>\n<meta property=\"og:description\" content=\"Vous avez le droit de bien manger. Ainsi, nous promettons de n\u2019utiliser que des ingr\u00e9dients vrais, simples ou naturels que nous ne vous cacherons jamais. Liste\u00ab pour toujours \u00bb Nous promettons d&rsquo;utiliser de vrais ingr\u00e9dients dans tous nos aliments : * Le vinaigre modifi\u00e9 est un ingr\u00e9dient simple qui a fait ses preuves en mati\u00e8re [&hellip;]\" \/>\n<meta property=\"og:url\" content=\"https:\/\/www.mapleleaf.ca\/fr\/ingredients\/\" \/>\n<meta property=\"og:site_name\" content=\"Maple Leaf\" \/>\n<meta property=\"article:modified_time\" content=\"2026-01-07T22:48:55+00:00\" \/>\n<meta property=\"og:image\" content=\"https:\/\/www.mapleleaf.ca\/fr\/wp-content\/uploads\/sites\/5\/2022\/01\/ingredients-header-min.jpg\" \/>\n<meta name=\"twitter:card\" content=\"summary_large_image\" \/>\n<meta name=\"twitter:label1\" content=\"Dur\u00e9e de lecture estim\u00e9e\" \/>\n\t<meta name=\"twitter:data1\" content=\"4 minutes\" \/>\n<script type=\"application\/ld+json\" class=\"yoast-schema-graph\">{\"@context\":\"https:\/\/schema.org\",\"@graph\":[{\"@type\":\"WebPage\",\"@id\":\"https:\/\/www.mapleleaf.ca\/fr\/ingredients\/\",\"url\":\"https:\/\/www.mapleleaf.ca\/fr\/ingredients\/\",\"name\":\"Nos ingr\u00e9dients - Maple Leaf\",\"isPartOf\":{\"@id\":\"https:\/\/www.mapleleaf.ca\/fr\/#website\"},\"datePublished\":\"2021-08-28T15:34:38+00:00\",\"dateModified\":\"2026-01-07T22:48:55+00:00\",\"breadcrumb\":{\"@id\":\"https:\/\/www.mapleleaf.ca\/fr\/ingredients\/#breadcrumb\"},\"inLanguage\":\"fr-FR\",\"potentialAction\":[{\"@type\":\"ReadAction\",\"target\":[\"https:\/\/www.mapleleaf.ca\/fr\/ingredients\/\"]}]},{\"@type\":\"BreadcrumbList\",\"@id\":\"https:\/\/www.mapleleaf.ca\/fr\/ingredients\/#breadcrumb\",\"itemListElement\":[{\"@type\":\"ListItem\",\"position\":1,\"name\":\"Home\",\"item\":\"https:\/\/www.mapleleaf.ca\/fr\/\"},{\"@type\":\"ListItem\",\"position\":2,\"name\":\"Nos ingr\u00e9dients\"}]},{\"@type\":\"WebSite\",\"@id\":\"https:\/\/www.mapleleaf.ca\/fr\/#website\",\"url\":\"https:\/\/www.mapleleaf.ca\/fr\/\",\"name\":\"Maple Leaf\",\"description\":\"Vraiment vrai.\",\"publisher\":{\"@id\":\"https:\/\/www.mapleleaf.ca\/fr\/#organization\"},\"potentialAction\":[{\"@type\":\"SearchAction\",\"target\":{\"@type\":\"EntryPoint\",\"urlTemplate\":\"https:\/\/www.mapleleaf.ca\/fr\/?s={search_term_string}\"},\"query-input\":\"required name=search_term_string\"}],\"inLanguage\":\"fr-FR\"},{\"@type\":\"Organization\",\"@id\":\"https:\/\/www.mapleleaf.ca\/fr\/#organization\",\"name\":\"Maple Leaf\",\"url\":\"https:\/\/www.mapleleaf.ca\/fr\/\",\"logo\":{\"@type\":\"ImageObject\",\"inLanguage\":\"fr-FR\",\"@id\":\"https:\/\/www.mapleleaf.ca\/fr\/#\/schema\/logo\/image\/\",\"url\":\"https:\/\/www.mapleleaf.ca\/fr\/wp-content\/uploads\/sites\/5\/2023\/02\/MapleLeaf_Natural_BI.png\",\"contentUrl\":\"https:\/\/www.mapleleaf.ca\/fr\/wp-content\/uploads\/sites\/5\/2023\/02\/MapleLeaf_Natural_BI.png\",\"width\":500,\"height\":561,\"caption\":\"Maple Leaf\"},\"image\":{\"@id\":\"https:\/\/www.mapleleaf.ca\/fr\/#\/schema\/logo\/image\/\"}}]}<\/script>\n<!-- \/ Yoast SEO plugin. -->","yoast_head_json":{"title":"Nos ingr\u00e9dients - Maple Leaf","robots":{"index":"index","follow":"follow","max-snippet":"max-snippet:-1","max-image-preview":"max-image-preview:large","max-video-preview":"max-video-preview:-1"},"canonical":"https:\/\/www.mapleleaf.ca\/fr\/ingredients\/","og_locale":"fr_FR","og_type":"article","og_title":"Nos ingr\u00e9dients - Maple Leaf","og_description":"Vous avez le droit de bien manger. Ainsi, nous promettons de n\u2019utiliser que des ingr\u00e9dients vrais, simples ou naturels que nous ne vous cacherons jamais. Liste\u00ab pour toujours \u00bb Nous promettons d&rsquo;utiliser de vrais ingr\u00e9dients dans tous nos aliments : * Le vinaigre modifi\u00e9 est un ingr\u00e9dient simple qui a fait ses preuves en mati\u00e8re [&hellip;]","og_url":"https:\/\/www.mapleleaf.ca\/fr\/ingredients\/","og_site_name":"Maple Leaf","article_modified_time":"2026-01-07T22:48:55+00:00","og_image":[{"url":"https:\/\/www.mapleleaf.ca\/fr\/wp-content\/uploads\/sites\/5\/2022\/01\/ingredients-header-min.jpg"}],"twitter_card":"summary_large_image","twitter_misc":{"Dur\u00e9e de lecture estim\u00e9e":"4 minutes"},"schema":{"@context":"https:\/\/schema.org","@graph":[{"@type":"WebPage","@id":"https:\/\/www.mapleleaf.ca\/fr\/ingredients\/","url":"https:\/\/www.mapleleaf.ca\/fr\/ingredients\/","name":"Nos ingr\u00e9dients - Maple Leaf","isPartOf":{"@id":"https:\/\/www.mapleleaf.ca\/fr\/#website"},"datePublished":"2021-08-28T15:34:38+00:00","dateModified":"2026-01-07T22:48:55+00:00","breadcrumb":{"@id":"https:\/\/www.mapleleaf.ca\/fr\/ingredients\/#breadcrumb"},"inLanguage":"fr-FR","potentialAction":[{"@type":"ReadAction","target":["https:\/\/www.mapleleaf.ca\/fr\/ingredients\/"]}]},{"@type":"BreadcrumbList","@id":"https:\/\/www.mapleleaf.ca\/fr\/ingredients\/#breadcrumb","itemListElement":[{"@type":"ListItem","position":1,"name":"Home","item":"https:\/\/www.mapleleaf.ca\/fr\/"},{"@type":"ListItem","position":2,"name":"Nos ingr\u00e9dients"}]},{"@type":"WebSite","@id":"https:\/\/www.mapleleaf.ca\/fr\/#website","url":"https:\/\/www.mapleleaf.ca\/fr\/","name":"Maple Leaf","description":"Vraiment vrai.","publisher":{"@id":"https:\/\/www.mapleleaf.ca\/fr\/#organization"},"potentialAction":[{"@type":"SearchAction","target":{"@type":"EntryPoint","urlTemplate":"https:\/\/www.mapleleaf.ca\/fr\/?s={search_term_string}"},"query-input":"required name=search_term_string"}],"inLanguage":"fr-FR"},{"@type":"Organization","@id":"https:\/\/www.mapleleaf.ca\/fr\/#organization","name":"Maple Leaf","url":"https:\/\/www.mapleleaf.ca\/fr\/","logo":{"@type":"ImageObject","inLanguage":"fr-FR","@id":"https:\/\/www.mapleleaf.ca\/fr\/#\/schema\/logo\/image\/","url":"https:\/\/www.mapleleaf.ca\/fr\/wp-content\/uploads\/sites\/5\/2023\/02\/MapleLeaf_Natural_BI.png","contentUrl":"https:\/\/www.mapleleaf.ca\/fr\/wp-content\/uploads\/sites\/5\/2023\/02\/MapleLeaf_Natural_BI.png","width":500,"height":561,"caption":"Maple Leaf"},"image":{"@id":"https:\/\/www.mapleleaf.ca\/fr\/#\/schema\/logo\/image\/"}}]}},"jetpack_sharing_enabled":true,"_links":{"self":[{"href":"https:\/\/www.mapleleaf.ca\/fr\/wp-json\/wp\/v2\/pages\/438"}],"collection":[{"href":"https:\/\/www.mapleleaf.ca\/fr\/wp-json\/wp\/v2\/pages"}],"about":[{"href":"https:\/\/www.mapleleaf.ca\/fr\/wp-json\/wp\/v2\/types\/page"}],"author":[{"embeddable":true,"href":"https:\/\/www.mapleleaf.ca\/fr\/wp-json\/wp\/v2\/users\/1"}],"replies":[{"embeddable":true,"href":"https:\/\/www.mapleleaf.ca\/fr\/wp-json\/wp\/v2\/comments?post=438"}],"version-history":[{"count":61,"href":"https:\/\/www.mapleleaf.ca\/fr\/wp-json\/wp\/v2\/pages\/438\/revisions"}],"predecessor-version":[{"id":4179,"href":"https:\/\/www.mapleleaf.ca\/fr\/wp-json\/wp\/v2\/pages\/438\/revisions\/4179"}],"wp:attachment":[{"href":"https:\/\/www.mapleleaf.ca\/fr\/wp-json\/wp\/v2\/media?parent=438"}],"curies":[{"name":"wp","href":"https:\/\/api.w.org\/{rel}","templated":true}]}}