{"id":50,"date":"2021-07-29T13:32:17","date_gmt":"2021-07-29T13:32:17","guid":{"rendered":"https:\/\/staging.trewknowledge.com\/greenfieldmeat\/mapleleaf\/?page_id=50"},"modified":"2023-11-08T21:57:17","modified_gmt":"2023-11-08T21:57:17","slug":"notre-promesse","status":"publish","type":"page","link":"https:\/\/www.mapleleaf.ca\/fr\/notre-promesse\/","title":{"rendered":"Notre promesse"},"content":{"rendered":"\n<div class=\"wp-block-mlf-header-block-one\"><div class=\"header-block header-block-one\" style=\"color:#c33b32\"><div class=\"header-block-one__title\"><h1>De vrais aliments pour de vraies familles<\/h1><\/div><div class=\"header-block-one__image alignfull\"><img decoding=\"async\" class=\"header-block__image-desktop false\" src=\"https:\/\/www.mapleleaf.ca\/fr\/wp-content\/uploads\/sites\/5\/2022\/01\/jimmy-dean-home-bg-min.png\" width=\"1340px\" height=\"650px\"\/><img decoding=\"async\" class=\"header-block__image-mobile\" src=\"https:\/\/www.mapleleaf.ca\/fr\/wp-content\/uploads\/sites\/5\/2022\/01\/jimmy-dean-mobile-min.png\" width=\"425px\" height=\"450px\"\/><\/div><\/div><\/div>\n\n\n\n<div class=\"wp-block-group is-style-width-850-container is-layout-flow wp-block-group-is-layout-flow\">\n<div style=\"height:50px\" aria-hidden=\"true\" class=\"wp-block-spacer\"><\/div>\n\n\n\n<h2 class=\"wp-block-heading has-text-align-center has-blue-color has-text-color\"><strong>Nous croyons que des prot\u00e9ines de haute qualit\u00e9 sont le fondement d&rsquo;un corps sain et en pleine croissance. C&rsquo;est pourquoi nous pr\u00e9parons des prot\u00e9ines naturelles et d\u00e9licieuses pour nourrir les familles canadiennes.<\/strong><\/h2>\n\n\n\n<div style=\"height:50px\" aria-hidden=\"true\" class=\"wp-block-spacer\"><\/div>\n<\/div>\n\n\n\n<div class=\"wp-block-mlf-promo-boxes alignfull margin-bottom-0 our-promise polaroid-image-translate\"><div class=\"promo-box full-page image-left contain-to-grid\" style=\"background-color:#16597c;color:#edd5b2\"><div class=\"promo-box__image image-contain\"><img decoding=\"async\" class=\"promo-box__image-desktop no-mobile-image width-75\" src=\"https:\/\/staging.trewknowledge.com\/greenfieldmeat\/mapleleaf\/wp-content\/uploads\/sites\/4\/2021\/09\/our-promise-polaroid.png\" alt=\"\" width=\"760px\" height=\"633px\"\/><\/div><div class=\"promo-box__content content-left mobile-content-center \"><div class=\"promo-box__content-container\"><h2>Notre promesse envers vous<\/h2>\n<div class=\"wp-block-button is-style-offwhite alignleft\"><a class=\"wp-block-button__link wp-element-button\" href=\"https:\/\/www.mapleleaf.ca\/fr\/credo-alimentaire\/\/\">Notre credo alimentaire<\/a><\/div>\n<\/div><\/div><\/div><\/div>\n\n\n\n<div class=\"wp-block-mlf-promo-boxes alignfull margin-bottom-0 our-promise\"><div class=\"promo-box full-page image-right contain-to-grid\" style=\"background-color:#c33b32;color:#edd5b2\"><div class=\"promo-box__image image-contain\"><img decoding=\"async\" class=\"promo-box__image-desktop no-mobile-image \" src=\"https:\/\/www.mapleleaf.ca\/fr\/wp-content\/uploads\/sites\/5\/2023\/11\/ProductGroup.png\" alt=\"groupe de produits Maple Leaf\" width=\"760px\" height=\"633px\"\/><\/div><div class=\"promo-box__content content-left mobile-content-center translateX75\"><div class=\"promo-box__content-container\"><h2>Nous n\u2019utilisons que des ingr\u00e9dients vrais, simples, ou naturels<\/h2>\n<div class=\"wp-block-button is-style-offwhite alignleft\"><a class=\"wp-block-button__link wp-element-button\" href=\"https:\/\/www.mapleleaf.ca\/fr\/ingredients\/\">Nos ingr\u00e9dients<\/a><\/div>\n\n\n\n<p><\/p>\n<\/div><\/div><\/div><\/div>\n\n\n\n<div class=\"wp-block-mlf-promo-boxes alignfull margin-bottom-0 our-promise image-width-40\"><div class=\"promo-box full-page image-left contain-to-grid\" style=\"background-color:#edd5b2;color:#737a4d\"><div class=\"promo-box__image image-contain\"><img decoding=\"async\" class=\"promo-box__image-desktop no-mobile-image width-100\" src=\"https:\/\/www.mapleleaf.ca\/fr\/wp-content\/uploads\/sites\/5\/2021\/12\/CarbonZero_Logo-FR-ai.png\" alt=\"\" width=\"760px\" height=\"633px\"\/><\/div><div class=\"promo-box__content content-left mobile-content-center \"><div class=\"promo-box__content-container\"><h2>Nous sommes maintenant carboneutre<\/h2>\n<div class=\"wp-block-button is-style-offwhite alignleft\"><a class=\"wp-block-button__link wp-element-button\" href=\"https:\/\/www.mapleleaf.ca\/fr\/carboneutre\/\">Apprenez-en davantage<\/a><\/div>\n<\/div><\/div><\/div><\/div>\n\n\n\n<div class=\"wp-block-mlf-promo-boxes alignfull margin-bottom-0 our-promise\"><div class=\"promo-box full-page image-right contain-to-grid\" style=\"background-color:#e0b67e;color:#6a3f24\"><div class=\"promo-box__image image-contain\"><img decoding=\"async\" class=\"promo-box__image-desktop no-mobile-image \" src=\"https:\/\/staging.trewknowledge.com\/greenfieldmeat\/mapleleaf\/wp-content\/uploads\/sites\/4\/2021\/09\/our-promise-logos.png\" alt=\"\" width=\"760px\" height=\"633px\"\/><\/div><div class=\"promo-box__content content-left mobile-content-center translateX75\"><div class=\"promo-box__content-container\"><h2>Nous avons des normes \u00e9lev\u00e9es<\/h2>\n<div class=\"wp-block-button is-style-offwhite alignleft\"><a class=\"wp-block-button__link wp-element-button\" href=\"https:\/\/www.mapleleaf.ca\/fr\/standards\/\">En savoir plus<\/a><\/div>\n<\/div><\/div><\/div><\/div>\n","protected":false},"excerpt":{"rendered":"<p>Nous croyons que des prot\u00e9ines de haute qualit\u00e9 sont le fondement d&rsquo;un corps sain et en pleine croissance. C&rsquo;est pourquoi nous pr\u00e9parons des prot\u00e9ines naturelles et d\u00e9licieuses pour nourrir les familles canadiennes.<\/p>\n","protected":false},"author":3,"featured_media":0,"parent":0,"menu_order":0,"comment_status":"closed","ping_status":"closed","template":"","meta":{"footnotes":""},"class_list":["post-50","page","type-page","status-publish","hentry"],"acf":[],"yoast_head":"<!-- This site is optimized with the Yoast SEO plugin v21.7 - https:\/\/yoast.com\/wordpress\/plugins\/seo\/ -->\n<title>Notre promesse - Maple Leaf<\/title>\n<meta name=\"robots\" content=\"index, follow, max-snippet:-1, max-image-preview:large, max-video-preview:-1\" \/>\n<link rel=\"canonical\" href=\"https:\/\/www.mapleleaf.ca\/fr\/notre-promesse\/\" \/>\n<meta property=\"og:locale\" content=\"fr_FR\" \/>\n<meta property=\"og:type\" content=\"article\" \/>\n<meta property=\"og:title\" content=\"Notre promesse - Maple Leaf\" \/>\n<meta property=\"og:description\" content=\"Nous croyons que des prot\u00e9ines de haute qualit\u00e9 sont le fondement d&rsquo;un corps sain et en pleine croissance. C&rsquo;est pourquoi nous pr\u00e9parons des prot\u00e9ines naturelles et d\u00e9licieuses pour nourrir les familles canadiennes.\" \/>\n<meta property=\"og:url\" content=\"https:\/\/www.mapleleaf.ca\/fr\/notre-promesse\/\" \/>\n<meta property=\"og:site_name\" content=\"Maple Leaf\" \/>\n<meta property=\"article:modified_time\" content=\"2023-11-08T21:57:17+00:00\" \/>\n<meta property=\"og:image\" content=\"https:\/\/www.mapleleaf.ca\/fr\/wp-content\/uploads\/sites\/5\/2022\/01\/jimmy-dean-home-bg-min.png\" \/>\n<meta name=\"twitter:card\" content=\"summary_large_image\" \/>\n<meta name=\"twitter:label1\" content=\"Dur\u00e9e de lecture estim\u00e9e\" \/>\n\t<meta name=\"twitter:data1\" content=\"2 minutes\" \/>\n<script type=\"application\/ld+json\" class=\"yoast-schema-graph\">{\"@context\":\"https:\/\/schema.org\",\"@graph\":[{\"@type\":\"WebPage\",\"@id\":\"https:\/\/www.mapleleaf.ca\/fr\/notre-promesse\/\",\"url\":\"https:\/\/www.mapleleaf.ca\/fr\/notre-promesse\/\",\"name\":\"Notre promesse - Maple Leaf\",\"isPartOf\":{\"@id\":\"https:\/\/www.mapleleaf.ca\/fr\/#website\"},\"datePublished\":\"2021-07-29T13:32:17+00:00\",\"dateModified\":\"2023-11-08T21:57:17+00:00\",\"breadcrumb\":{\"@id\":\"https:\/\/www.mapleleaf.ca\/fr\/notre-promesse\/#breadcrumb\"},\"inLanguage\":\"fr-FR\",\"potentialAction\":[{\"@type\":\"ReadAction\",\"target\":[\"https:\/\/www.mapleleaf.ca\/fr\/notre-promesse\/\"]}]},{\"@type\":\"BreadcrumbList\",\"@id\":\"https:\/\/www.mapleleaf.ca\/fr\/notre-promesse\/#breadcrumb\",\"itemListElement\":[{\"@type\":\"ListItem\",\"position\":1,\"name\":\"Home\",\"item\":\"https:\/\/www.mapleleaf.ca\/fr\/\"},{\"@type\":\"ListItem\",\"position\":2,\"name\":\"Notre promesse\"}]},{\"@type\":\"WebSite\",\"@id\":\"https:\/\/www.mapleleaf.ca\/fr\/#website\",\"url\":\"https:\/\/www.mapleleaf.ca\/fr\/\",\"name\":\"Maple Leaf\",\"description\":\"Vraiment vrai.\",\"publisher\":{\"@id\":\"https:\/\/www.mapleleaf.ca\/fr\/#organization\"},\"potentialAction\":[{\"@type\":\"SearchAction\",\"target\":{\"@type\":\"EntryPoint\",\"urlTemplate\":\"https:\/\/www.mapleleaf.ca\/fr\/?s={search_term_string}\"},\"query-input\":\"required name=search_term_string\"}],\"inLanguage\":\"fr-FR\"},{\"@type\":\"Organization\",\"@id\":\"https:\/\/www.mapleleaf.ca\/fr\/#organization\",\"name\":\"Maple Leaf\",\"url\":\"https:\/\/www.mapleleaf.ca\/fr\/\",\"logo\":{\"@type\":\"ImageObject\",\"inLanguage\":\"fr-FR\",\"@id\":\"https:\/\/www.mapleleaf.ca\/fr\/#\/schema\/logo\/image\/\",\"url\":\"https:\/\/www.mapleleaf.ca\/fr\/wp-content\/uploads\/sites\/5\/2023\/02\/MapleLeaf_Natural_BI.png\",\"contentUrl\":\"https:\/\/www.mapleleaf.ca\/fr\/wp-content\/uploads\/sites\/5\/2023\/02\/MapleLeaf_Natural_BI.png\",\"width\":500,\"height\":561,\"caption\":\"Maple Leaf\"},\"image\":{\"@id\":\"https:\/\/www.mapleleaf.ca\/fr\/#\/schema\/logo\/image\/\"}}]}<\/script>\n<!-- \/ Yoast SEO plugin. -->","yoast_head_json":{"title":"Notre promesse - Maple Leaf","robots":{"index":"index","follow":"follow","max-snippet":"max-snippet:-1","max-image-preview":"max-image-preview:large","max-video-preview":"max-video-preview:-1"},"canonical":"https:\/\/www.mapleleaf.ca\/fr\/notre-promesse\/","og_locale":"fr_FR","og_type":"article","og_title":"Notre promesse - Maple Leaf","og_description":"Nous croyons que des prot\u00e9ines de haute qualit\u00e9 sont le fondement d&rsquo;un corps sain et en pleine croissance. C&rsquo;est pourquoi nous pr\u00e9parons des prot\u00e9ines naturelles et d\u00e9licieuses pour nourrir les familles canadiennes.","og_url":"https:\/\/www.mapleleaf.ca\/fr\/notre-promesse\/","og_site_name":"Maple Leaf","article_modified_time":"2023-11-08T21:57:17+00:00","og_image":[{"url":"https:\/\/www.mapleleaf.ca\/fr\/wp-content\/uploads\/sites\/5\/2022\/01\/jimmy-dean-home-bg-min.png"}],"twitter_card":"summary_large_image","twitter_misc":{"Dur\u00e9e de lecture estim\u00e9e":"2 minutes"},"schema":{"@context":"https:\/\/schema.org","@graph":[{"@type":"WebPage","@id":"https:\/\/www.mapleleaf.ca\/fr\/notre-promesse\/","url":"https:\/\/www.mapleleaf.ca\/fr\/notre-promesse\/","name":"Notre promesse - Maple Leaf","isPartOf":{"@id":"https:\/\/www.mapleleaf.ca\/fr\/#website"},"datePublished":"2021-07-29T13:32:17+00:00","dateModified":"2023-11-08T21:57:17+00:00","breadcrumb":{"@id":"https:\/\/www.mapleleaf.ca\/fr\/notre-promesse\/#breadcrumb"},"inLanguage":"fr-FR","potentialAction":[{"@type":"ReadAction","target":["https:\/\/www.mapleleaf.ca\/fr\/notre-promesse\/"]}]},{"@type":"BreadcrumbList","@id":"https:\/\/www.mapleleaf.ca\/fr\/notre-promesse\/#breadcrumb","itemListElement":[{"@type":"ListItem","position":1,"name":"Home","item":"https:\/\/www.mapleleaf.ca\/fr\/"},{"@type":"ListItem","position":2,"name":"Notre promesse"}]},{"@type":"WebSite","@id":"https:\/\/www.mapleleaf.ca\/fr\/#website","url":"https:\/\/www.mapleleaf.ca\/fr\/","name":"Maple Leaf","description":"Vraiment vrai.","publisher":{"@id":"https:\/\/www.mapleleaf.ca\/fr\/#organization"},"potentialAction":[{"@type":"SearchAction","target":{"@type":"EntryPoint","urlTemplate":"https:\/\/www.mapleleaf.ca\/fr\/?s={search_term_string}"},"query-input":"required name=search_term_string"}],"inLanguage":"fr-FR"},{"@type":"Organization","@id":"https:\/\/www.mapleleaf.ca\/fr\/#organization","name":"Maple Leaf","url":"https:\/\/www.mapleleaf.ca\/fr\/","logo":{"@type":"ImageObject","inLanguage":"fr-FR","@id":"https:\/\/www.mapleleaf.ca\/fr\/#\/schema\/logo\/image\/","url":"https:\/\/www.mapleleaf.ca\/fr\/wp-content\/uploads\/sites\/5\/2023\/02\/MapleLeaf_Natural_BI.png","contentUrl":"https:\/\/www.mapleleaf.ca\/fr\/wp-content\/uploads\/sites\/5\/2023\/02\/MapleLeaf_Natural_BI.png","width":500,"height":561,"caption":"Maple Leaf"},"image":{"@id":"https:\/\/www.mapleleaf.ca\/fr\/#\/schema\/logo\/image\/"}}]}},"jetpack_sharing_enabled":true,"_links":{"self":[{"href":"https:\/\/www.mapleleaf.ca\/fr\/wp-json\/wp\/v2\/pages\/50"}],"collection":[{"href":"https:\/\/www.mapleleaf.ca\/fr\/wp-json\/wp\/v2\/pages"}],"about":[{"href":"https:\/\/www.mapleleaf.ca\/fr\/wp-json\/wp\/v2\/types\/page"}],"author":[{"embeddable":true,"href":"https:\/\/www.mapleleaf.ca\/fr\/wp-json\/wp\/v2\/users\/3"}],"replies":[{"embeddable":true,"href":"https:\/\/www.mapleleaf.ca\/fr\/wp-json\/wp\/v2\/comments?post=50"}],"version-history":[{"count":27,"href":"https:\/\/www.mapleleaf.ca\/fr\/wp-json\/wp\/v2\/pages\/50\/revisions"}],"predecessor-version":[{"id":3585,"href":"https:\/\/www.mapleleaf.ca\/fr\/wp-json\/wp\/v2\/pages\/50\/revisions\/3585"}],"wp:attachment":[{"href":"https:\/\/www.mapleleaf.ca\/fr\/wp-json\/wp\/v2\/media?parent=50"}],"curies":[{"name":"wp","href":"https:\/\/api.w.org\/{rel}","templated":true}]}}