{"id":568,"date":"2021-09-07T09:13:29","date_gmt":"2021-09-07T09:13:29","guid":{"rendered":"https:\/\/staging.trewknowledge.com\/greenfieldmeat\/mapleleaf\/?page_id=568"},"modified":"2023-02-27T01:55:57","modified_gmt":"2023-02-27T01:55:57","slug":"credo-alimentaire","status":"publish","type":"page","link":"https:\/\/www.mapleleaf.ca\/fr\/credo-alimentaire\/","title":{"rendered":"Credo alimentaire"},"content":{"rendered":"\n<div class=\"wp-block-mlf-header-block-one\"><div class=\"header-block header-block-one\" style=\"color:#c33b32\"><div class=\"header-block-one__title\"><h1>Vraiment vrai.<\/h1><\/div><div class=\"header-block-one__image alignfull\"><img decoding=\"async\" class=\"header-block__image-desktop false\" src=\"https:\/\/www.mapleleaf.ca\/fr\/wp-content\/uploads\/sites\/5\/2022\/01\/family1-min.jpg\" width=\"1340px\" height=\"650px\"\/><img decoding=\"async\" class=\"header-block__image-mobile\" src=\"https:\/\/www.mapleleaf.ca\/fr\/wp-content\/uploads\/sites\/5\/2022\/01\/family1-mobile-min.jpg\" width=\"425px\" height=\"450px\"\/><\/div><\/div><\/div>\n\n\n\n<div style=\"height:50px\" aria-hidden=\"true\" class=\"wp-block-spacer\"><\/div>\n\n\n\n<div class=\"wp-block-group alignfull is-layout-flow wp-block-group-is-layout-flow\">\n<div class=\"wp-block-group is-style-width-850-container is-layout-flow wp-block-group-is-layout-flow\">\n<h2 class=\"has-text-align-center has-blue-color has-text-color wp-block-heading\"><strong>Nous pr\u00e9parons de&nbsp;<strong>vrais aliments<\/strong>&nbsp;\u00e0 partir d\u2019ingr\u00e9dients simples que vous pouvez prononcer.<\/strong><\/h2>\n\n\n\n<div class=\"wp-block-buttons is-horizontal is-content-justification-center is-layout-flex wp-container-core-buttons-is-layout-1 wp-block-buttons-is-layout-flex\">\n<div class=\"wp-block-button is-style-offwhite\"><a class=\"wp-block-button__link\" href=\"https:\/\/www.mapleleaf.ca\/fr\/ingredients\/\">Nos ingr\u00e9dients<\/a><\/div>\n<\/div>\n<\/div>\n<\/div>\n\n\n\n<div style=\"height:50px\" aria-hidden=\"true\" class=\"wp-block-spacer\"><\/div>\n\n\n\n<div class=\"wp-block-group alignfull has-blue-background-color has-background is-layout-flow wp-block-group-is-layout-flow\">\n<div style=\"height:50px\" aria-hidden=\"true\" class=\"wp-block-spacer\"><\/div>\n\n\n\n<div class=\"wp-block-group is-style-width-850-container is-layout-flow wp-block-group-is-layout-flow\">\n<div class=\"wp-block-image\"><figure class=\"aligncenter size-full is-resized\"><img decoding=\"async\" src=\"https:\/\/staging.trewknowledge.com\/greenfieldmeat\/mapleleaf\/wp-content\/uploads\/sites\/4\/2021\/09\/manifesto-breakfast-sandwich.png\" alt=\"\" class=\"wp-image-583\" width=\"267\" height=\"163\" srcset=\"https:\/\/www.mapleleaf.ca\/fr\/wp-content\/uploads\/sites\/5\/2021\/09\/manifesto-breakfast-sandwich.png 534w, https:\/\/www.mapleleaf.ca\/fr\/wp-content\/uploads\/sites\/5\/2021\/09\/manifesto-breakfast-sandwich-300x183.png 300w\" sizes=\"(max-width: 267px) 100vw, 267px\" \/><\/figure><\/div>\n\n\n\n<h3 class=\"has-text-align-center has-beige-color has-text-color wp-block-heading\"><strong>Nous croyons que les prot\u00e9ines de haute qualit\u00e9 sont le fondement pour des corps sains et en pleine croissance. C&rsquo;est pourquoi nous pr\u00e9parons des prot\u00e9ines simples et d\u00e9licieuses pour nourrir les familles canadiennes.<\/strong><\/h3>\n\n\n\n<h3 class=\"has-text-align-center has-beige-color has-text-color wp-block-heading\"><strong>Nous n\u2019utilisons que\u00a0<strong>nos viandes de premi\u00e8re qualit\u00e9<\/strong>\u00a0et juste la bonne quantit\u00e9 de sel.<\/strong><\/h3>\n\n\n\n<h3 class=\"has-text-align-center has-beige-color has-text-color wp-block-heading\"><strong>Nous d\u00e9clarons tous les ingr\u00e9dients et les renseignements nutritionnels bien en vue sur l&#8217;emballage, pour que vous puissiez les lire. <\/strong><\/h3>\n\n\n\n<h3 class=\"has-text-align-center has-beige-color has-text-color wp-block-heading\"><strong>Nous utilisons des ingr\u00e9dients naturels. Lorsque les consommateurs souhaitent un ingr\u00e9dient non r\u00e9glement\u00e9 comme naturel, nous promettons de n&rsquo;utiliser qu&rsquo;une alternative vraie et simple, et nous la mettons en \u00e9vidence.<\/strong><\/h3>\n\n\n\n<h3 class=\"has-text-align-center has-beige-color has-text-color wp-block-heading\"><strong>Nous n&rsquo;utilisons AUCUN ar\u00f4me artificiel, AUCUN colorant artificiel, AUCUN \u00e9dulcorant artificiel, et AUCUN sous-produit animal.<\/strong><\/h3>\n\n\n\n<h3 class=\"has-text-align-center has-beige-color has-text-color wp-block-heading\"><strong>Et, nous allons au-del\u00e0 de ce qui se trouve dans nos aliments. Nous minimisons notre impact sur l&rsquo;air, l&rsquo;eau et la terre, et nous faisons progresser la s\u00e9curit\u00e9 alimentaire, afin que toutes les familles puissent bien manger.<\/strong><\/h3>\n\n\n\n<h3 class=\"has-text-align-center has-beige-color has-text-color wp-block-heading\"><strong>Rendre la bonne nourriture accessible \u00e0 tous les Canadiens. C&rsquo;est ce que signifie pour nous le mouvement des vrais aliments.<\/strong><\/h3>\n<\/div>\n\n\n\n<div style=\"height:50px\" aria-hidden=\"true\" class=\"wp-block-spacer\"><\/div>\n<\/div>\n\n\n\n<div style=\"height:50px\" aria-hidden=\"true\" class=\"wp-block-spacer\"><\/div>\n\n\n\n<div class=\"wp-block-mlf-promo-boxes alignfull-mobile-only\"><div class=\"promo-box full-page image-left \" style=\"background-color:#ffffff;color:#16597c\"><div class=\"promo-box__image image-contain\"><img decoding=\"async\" class=\"promo-box__image-desktop no-mobile-image \" src=\"https:\/\/staging.trewknowledge.com\/greenfieldmeat\/mapleleaf\/wp-content\/uploads\/sites\/4\/2021\/08\/prime-logo-1.png\" alt=\"\" width=\"760px\" height=\"633px\"\/><\/div><div class=\"promo-box__content content-left mobile-content-left \"><div class=\"promo-box__content-container\"><h2>\u00c9lev\u00e9 sans antibiotiques<\/h2><p><strong>Il n&rsquo;y a donc jamais rien l\u00e0-dedans qui ne devrait pas l&rsquo;\u00eatre.<\/strong><\/p>\n<div class=\"wp-block-button\"><a class=\"wp-block-button__link\" href=\"https:\/\/www.mapleleaf.ca\/fr\/produits\/\">D\u00e9couvrez nos produits<\/a><\/div>\n<\/div><\/div><\/div><\/div>\n\n\n\n<div style=\"height:50px\" aria-hidden=\"true\" class=\"wp-block-spacer\"><\/div>\n\n\n\n<div class=\"wp-block-mlf-promo-boxes alignfull\"><div class=\"promo-box full-page image-left \" style=\"background-color:#9cae89;color:#6a3f24\"><div class=\"promo-box__image image-cover\"><img decoding=\"async\" class=\"promo-box__image-desktop no-mobile-image \" src=\"https:\/\/www.mapleleaf.ca\/fr\/wp-content\/uploads\/sites\/5\/2022\/01\/carbon-neutral-tab-1-image-1-min.png\" alt=\"carbon-neutral-tab-1-image-1-min\" width=\"760px\" height=\"633px\"\/><\/div><div class=\"promo-box__content content-left mobile-content-left \"><div class=\"promo-box__content-container\"><h2>Nous allons au-del\u00e0 de ce qui se trouve dans nos aliments<\/h2><p><strong>Nous minimisons notre impact sur l&rsquo;air, l&rsquo;eau et la terre, et nous faisons progresser la s\u00e9curit\u00e9 alimentaire, afin que toutes les familles puissent bien manger.<\/strong><\/p>\n<div class=\"wp-block-button is-style-offwhite\"><a class=\"wp-block-button__link\" href=\"https:\/\/www.mapleleaf.ca\/fr\/carboneutre\/\">Nous sommes maintenant carboneutre<\/a><\/div>\n<\/div><\/div><\/div><\/div>\n\n\n\n<div class=\"wp-block-group is-style-width-600-container is-layout-flow wp-block-group-is-layout-flow\">\n<div style=\"height:50px\" aria-hidden=\"true\" class=\"wp-block-spacer\"><\/div>\n\n\n\n<h2 class=\"has-text-align-center has-blue-color has-text-color wp-block-heading\"><strong>Rendre la bonne nourriture accessible \u00e0 tous les Canadiens. C\u2019est ce que<strong>&nbsp;le mouvement d\u2019aliments<\/strong>&nbsp;vrais signifie pour nous.<\/strong><\/h2>\n<\/div>\n\n\n\n<div class=\"wp-block-mlf-slider is-frontend\" data-speed=\"1000\"><div class=\"slider\"><span class=\"slider__prev-btn dashicons dashicons-arrow-left-alt\"><\/span><div class=\"slider__container polaroid left\"><img decoding=\"async\" class=\"slider__container-image active fade\" src=\"https:\/\/www.mapleleaf.ca\/fr\/wp-content\/uploads\/sites\/5\/2021\/11\/jimmy-dean-mobile-min.png\" alt=\"home-header-mobile-min\"\/><img decoding=\"async\" class=\"slider__container-image fade\" src=\"https:\/\/www.mapleleaf.ca\/fr\/wp-content\/uploads\/sites\/5\/2021\/12\/Stocksy_txpde4c85a1p1C300_OriginalDelivery_2650885.jpg\" alt=\"\"\/><img decoding=\"async\" class=\"slider__container-image fade\" src=\"https:\/\/www.mapleleaf.ca\/fr\/wp-content\/uploads\/sites\/5\/2021\/12\/Stocksy_txpde4c85a1p1C300_OriginalDelivery_3595768-1.jpg\" alt=\"\"\/><p class=\"slider__container-description\">@mapleleaffoods<\/p><\/div><span class=\"slider__next-btn dashicons dashicons-arrow-right-alt\"><\/span><\/div><\/div>\n","protected":false},"excerpt":{"rendered":"<p>Nous pr\u00e9parons de&nbsp;vrais aliments&nbsp;\u00e0 partir d\u2019ingr\u00e9dients simples que vous pouvez prononcer. Nous croyons que les prot\u00e9ines de haute qualit\u00e9 sont le fondement pour des corps sains et en pleine croissance. C&rsquo;est pourquoi nous pr\u00e9parons des prot\u00e9ines simples et d\u00e9licieuses pour nourrir les familles canadiennes. Nous n\u2019utilisons que\u00a0nos viandes de premi\u00e8re qualit\u00e9\u00a0et juste la bonne quantit\u00e9 [&hellip;]<\/p>\n","protected":false},"author":3,"featured_media":0,"parent":0,"menu_order":0,"comment_status":"closed","ping_status":"closed","template":"","meta":{"footnotes":""},"class_list":["post-568","page","type-page","status-publish","hentry"],"acf":[],"yoast_head":"<!-- This site is optimized with the Yoast SEO plugin v21.7 - https:\/\/yoast.com\/wordpress\/plugins\/seo\/ -->\n<title>Credo alimentaire - Maple Leaf<\/title>\n<meta name=\"robots\" content=\"index, follow, max-snippet:-1, max-image-preview:large, max-video-preview:-1\" \/>\n<link rel=\"canonical\" href=\"https:\/\/www.mapleleaf.ca\/fr\/credo-alimentaire\/\" \/>\n<meta property=\"og:locale\" content=\"fr_FR\" \/>\n<meta property=\"og:type\" content=\"article\" \/>\n<meta property=\"og:title\" content=\"Credo alimentaire - Maple Leaf\" \/>\n<meta property=\"og:description\" content=\"Nous pr\u00e9parons de&nbsp;vrais aliments&nbsp;\u00e0 partir d\u2019ingr\u00e9dients simples que vous pouvez prononcer. Nous croyons que les prot\u00e9ines de haute qualit\u00e9 sont le fondement pour des corps sains et en pleine croissance. C&rsquo;est pourquoi nous pr\u00e9parons des prot\u00e9ines simples et d\u00e9licieuses pour nourrir les familles canadiennes. Nous n\u2019utilisons que\u00a0nos viandes de premi\u00e8re qualit\u00e9\u00a0et juste la bonne quantit\u00e9 [&hellip;]\" \/>\n<meta property=\"og:url\" content=\"https:\/\/www.mapleleaf.ca\/fr\/credo-alimentaire\/\" \/>\n<meta property=\"og:site_name\" content=\"Maple Leaf\" \/>\n<meta property=\"article:modified_time\" content=\"2023-02-27T01:55:57+00:00\" \/>\n<meta property=\"og:image\" content=\"https:\/\/www.mapleleaf.ca\/fr\/wp-content\/uploads\/sites\/5\/2022\/01\/family1-min.jpg\" \/>\n<meta name=\"twitter:card\" content=\"summary_large_image\" \/>\n<meta name=\"twitter:label1\" content=\"Dur\u00e9e de lecture estim\u00e9e\" \/>\n\t<meta name=\"twitter:data1\" content=\"3 minutes\" \/>\n<script type=\"application\/ld+json\" class=\"yoast-schema-graph\">{\"@context\":\"https:\/\/schema.org\",\"@graph\":[{\"@type\":\"WebPage\",\"@id\":\"https:\/\/www.mapleleaf.ca\/fr\/credo-alimentaire\/\",\"url\":\"https:\/\/www.mapleleaf.ca\/fr\/credo-alimentaire\/\",\"name\":\"Credo alimentaire - Maple Leaf\",\"isPartOf\":{\"@id\":\"https:\/\/www.mapleleaf.ca\/fr\/#website\"},\"datePublished\":\"2021-09-07T09:13:29+00:00\",\"dateModified\":\"2023-02-27T01:55:57+00:00\",\"breadcrumb\":{\"@id\":\"https:\/\/www.mapleleaf.ca\/fr\/credo-alimentaire\/#breadcrumb\"},\"inLanguage\":\"fr-FR\",\"potentialAction\":[{\"@type\":\"ReadAction\",\"target\":[\"https:\/\/www.mapleleaf.ca\/fr\/credo-alimentaire\/\"]}]},{\"@type\":\"BreadcrumbList\",\"@id\":\"https:\/\/www.mapleleaf.ca\/fr\/credo-alimentaire\/#breadcrumb\",\"itemListElement\":[{\"@type\":\"ListItem\",\"position\":1,\"name\":\"Home\",\"item\":\"https:\/\/www.mapleleaf.ca\/fr\/\"},{\"@type\":\"ListItem\",\"position\":2,\"name\":\"Credo alimentaire\"}]},{\"@type\":\"WebSite\",\"@id\":\"https:\/\/www.mapleleaf.ca\/fr\/#website\",\"url\":\"https:\/\/www.mapleleaf.ca\/fr\/\",\"name\":\"Maple Leaf\",\"description\":\"Vraiment vrai.\",\"publisher\":{\"@id\":\"https:\/\/www.mapleleaf.ca\/fr\/#organization\"},\"potentialAction\":[{\"@type\":\"SearchAction\",\"target\":{\"@type\":\"EntryPoint\",\"urlTemplate\":\"https:\/\/www.mapleleaf.ca\/fr\/?s={search_term_string}\"},\"query-input\":\"required name=search_term_string\"}],\"inLanguage\":\"fr-FR\"},{\"@type\":\"Organization\",\"@id\":\"https:\/\/www.mapleleaf.ca\/fr\/#organization\",\"name\":\"Maple Leaf\",\"url\":\"https:\/\/www.mapleleaf.ca\/fr\/\",\"logo\":{\"@type\":\"ImageObject\",\"inLanguage\":\"fr-FR\",\"@id\":\"https:\/\/www.mapleleaf.ca\/fr\/#\/schema\/logo\/image\/\",\"url\":\"https:\/\/www.mapleleaf.ca\/fr\/wp-content\/uploads\/sites\/5\/2023\/02\/MapleLeaf_Natural_BI.png\",\"contentUrl\":\"https:\/\/www.mapleleaf.ca\/fr\/wp-content\/uploads\/sites\/5\/2023\/02\/MapleLeaf_Natural_BI.png\",\"width\":500,\"height\":561,\"caption\":\"Maple Leaf\"},\"image\":{\"@id\":\"https:\/\/www.mapleleaf.ca\/fr\/#\/schema\/logo\/image\/\"}}]}<\/script>\n<!-- \/ Yoast SEO plugin. -->","yoast_head_json":{"title":"Credo alimentaire - Maple Leaf","robots":{"index":"index","follow":"follow","max-snippet":"max-snippet:-1","max-image-preview":"max-image-preview:large","max-video-preview":"max-video-preview:-1"},"canonical":"https:\/\/www.mapleleaf.ca\/fr\/credo-alimentaire\/","og_locale":"fr_FR","og_type":"article","og_title":"Credo alimentaire - Maple Leaf","og_description":"Nous pr\u00e9parons de&nbsp;vrais aliments&nbsp;\u00e0 partir d\u2019ingr\u00e9dients simples que vous pouvez prononcer. Nous croyons que les prot\u00e9ines de haute qualit\u00e9 sont le fondement pour des corps sains et en pleine croissance. C&rsquo;est pourquoi nous pr\u00e9parons des prot\u00e9ines simples et d\u00e9licieuses pour nourrir les familles canadiennes. Nous n\u2019utilisons que\u00a0nos viandes de premi\u00e8re qualit\u00e9\u00a0et juste la bonne quantit\u00e9 [&hellip;]","og_url":"https:\/\/www.mapleleaf.ca\/fr\/credo-alimentaire\/","og_site_name":"Maple Leaf","article_modified_time":"2023-02-27T01:55:57+00:00","og_image":[{"url":"https:\/\/www.mapleleaf.ca\/fr\/wp-content\/uploads\/sites\/5\/2022\/01\/family1-min.jpg"}],"twitter_card":"summary_large_image","twitter_misc":{"Dur\u00e9e de lecture estim\u00e9e":"3 minutes"},"schema":{"@context":"https:\/\/schema.org","@graph":[{"@type":"WebPage","@id":"https:\/\/www.mapleleaf.ca\/fr\/credo-alimentaire\/","url":"https:\/\/www.mapleleaf.ca\/fr\/credo-alimentaire\/","name":"Credo alimentaire - Maple Leaf","isPartOf":{"@id":"https:\/\/www.mapleleaf.ca\/fr\/#website"},"datePublished":"2021-09-07T09:13:29+00:00","dateModified":"2023-02-27T01:55:57+00:00","breadcrumb":{"@id":"https:\/\/www.mapleleaf.ca\/fr\/credo-alimentaire\/#breadcrumb"},"inLanguage":"fr-FR","potentialAction":[{"@type":"ReadAction","target":["https:\/\/www.mapleleaf.ca\/fr\/credo-alimentaire\/"]}]},{"@type":"BreadcrumbList","@id":"https:\/\/www.mapleleaf.ca\/fr\/credo-alimentaire\/#breadcrumb","itemListElement":[{"@type":"ListItem","position":1,"name":"Home","item":"https:\/\/www.mapleleaf.ca\/fr\/"},{"@type":"ListItem","position":2,"name":"Credo alimentaire"}]},{"@type":"WebSite","@id":"https:\/\/www.mapleleaf.ca\/fr\/#website","url":"https:\/\/www.mapleleaf.ca\/fr\/","name":"Maple Leaf","description":"Vraiment vrai.","publisher":{"@id":"https:\/\/www.mapleleaf.ca\/fr\/#organization"},"potentialAction":[{"@type":"SearchAction","target":{"@type":"EntryPoint","urlTemplate":"https:\/\/www.mapleleaf.ca\/fr\/?s={search_term_string}"},"query-input":"required name=search_term_string"}],"inLanguage":"fr-FR"},{"@type":"Organization","@id":"https:\/\/www.mapleleaf.ca\/fr\/#organization","name":"Maple Leaf","url":"https:\/\/www.mapleleaf.ca\/fr\/","logo":{"@type":"ImageObject","inLanguage":"fr-FR","@id":"https:\/\/www.mapleleaf.ca\/fr\/#\/schema\/logo\/image\/","url":"https:\/\/www.mapleleaf.ca\/fr\/wp-content\/uploads\/sites\/5\/2023\/02\/MapleLeaf_Natural_BI.png","contentUrl":"https:\/\/www.mapleleaf.ca\/fr\/wp-content\/uploads\/sites\/5\/2023\/02\/MapleLeaf_Natural_BI.png","width":500,"height":561,"caption":"Maple Leaf"},"image":{"@id":"https:\/\/www.mapleleaf.ca\/fr\/#\/schema\/logo\/image\/"}}]}},"jetpack_sharing_enabled":true,"_links":{"self":[{"href":"https:\/\/www.mapleleaf.ca\/fr\/wp-json\/wp\/v2\/pages\/568"}],"collection":[{"href":"https:\/\/www.mapleleaf.ca\/fr\/wp-json\/wp\/v2\/pages"}],"about":[{"href":"https:\/\/www.mapleleaf.ca\/fr\/wp-json\/wp\/v2\/types\/page"}],"author":[{"embeddable":true,"href":"https:\/\/www.mapleleaf.ca\/fr\/wp-json\/wp\/v2\/users\/3"}],"replies":[{"embeddable":true,"href":"https:\/\/www.mapleleaf.ca\/fr\/wp-json\/wp\/v2\/comments?post=568"}],"version-history":[{"count":38,"href":"https:\/\/www.mapleleaf.ca\/fr\/wp-json\/wp\/v2\/pages\/568\/revisions"}],"predecessor-version":[{"id":3214,"href":"https:\/\/www.mapleleaf.ca\/fr\/wp-json\/wp\/v2\/pages\/568\/revisions\/3214"}],"wp:attachment":[{"href":"https:\/\/www.mapleleaf.ca\/fr\/wp-json\/wp\/v2\/media?parent=568"}],"curies":[{"name":"wp","href":"https:\/\/api.w.org\/{rel}","templated":true}]}}